{"id":987609667,"date":"2025-08-03T18:07:27","date_gmt":"2025-08-03T16:07:27","guid":{"rendered":"https:\/\/www.accolade-asso.fr\/?page_id=987609667"},"modified":"2025-08-03T18:07:28","modified_gmt":"2025-08-03T16:07:28","slug":"devenir-partenaire","status":"publish","type":"page","link":"https:\/\/www.accolade-asso.fr\/index.php\/devenir-partenaire\/","title":{"rendered":"Devenir partenaire"},"content":{"rendered":"\n[et_pb_section fb_built=\u00a0\u00bb1&Prime; fullwidth=\u00a0\u00bbon\u00a0\u00bb next_background_color=\u00a0\u00bb#f7f9f9&Prime; _builder_version=\u00a0\u00bb4.27.4&Prime; custom_margin=\u00a0\u00bb||-5px||false|false\u00a0\u00bb custom_padding=\u00a0\u00bb||13px||false|false\u00a0\u00bb bottom_divider_style=\u00a0\u00bbwaves2&Prime; global_colors_info=\u00a0\u00bb{}\u00a0\u00bb theme_builder_area=\u00a0\u00bbpost_content\u00a0\u00bb][et_pb_fullwidth_header title=\u00a0\u00bbDevenir partenaire\u00a0\u00bb _builder_version=\u00a0\u00bb4.27.4&Prime; title_font=\u00a0\u00bbFredoka One||||||||\u00a0\u00bb title_text_align=\u00a0\u00bbcenter\u00a0\u00bb title_font_size=\u00a0\u00bb50px\u00a0\u00bb content_font_size=\u00a0\u00bb18px\u00a0\u00bb subhead_text_align=\u00a0\u00bbcenter\u00a0\u00bb subhead_font_size=\u00a0\u00bb20px\u00a0\u00bb background_image=\u00a0\u00bbhttps:\/\/www.accolade-asso.fr\/wp-content\/uploads\/2025\/08\/Part.png\u00a0\u00bb min_height=\u00a0\u00bb289px\u00a0\u00bb custom_padding=\u00a0\u00bb186px||195px||false|false\u00a0\u00bb hover_enabled=\u00a0\u00bb0&Prime; global_colors_info=\u00a0\u00bb{}\u00a0\u00bb theme_builder_area=\u00a0\u00bbpost_content\u00a0\u00bb title_text=\u00a0\u00bbPart\u00a0\u00bb sticky_enabled=\u00a0\u00bb0&Prime;]<p style=\"text-align: center;\">Vous \u00eates une association, une collectivit\u00e9 ou une entreprise et souhaitez soutenir des actions au plus proche des enfants ?<\/p>[\/et_pb_fullwidth_header][\/et_pb_section][et_pb_section fb_built=\u00a0\u00bb1&Prime; admin_label=\u00a0\u00bbHeader\u00a0\u00bb _builder_version=\u00a0\u00bb4.16&Prime; background_color=\u00a0\u00bb#f7f9f9&Prime; parallax=\u00a0\u00bbon\u00a0\u00bb custom_margin=\u00a0\u00bb-3px||||false|false\u00a0\u00bb custom_padding=\u00a0\u00bb0px||||false|false\u00a0\u00bb collapsed=\u00a0\u00bboff\u00a0\u00bb global_colors_info=\u00a0\u00bb{}\u00a0\u00bb theme_builder_area=\u00a0\u00bbpost_content\u00a0\u00bb][et_pb_row _builder_version=\u00a0\u00bb4.27.4&Prime; _module_preset=\u00a0\u00bbdefault\u00a0\u00bb column_structure=\u00a0\u00bb2_5,3_5&Prime; theme_builder_area=\u00a0\u00bbpost_content\u00a0\u00bb][et_pb_column _builder_version=\u00a0\u00bb4.27.4&Prime; _module_preset=\u00a0\u00bbdefault\u00a0\u00bb type=\u00a0\u00bb2_5&Prime; theme_builder_area=\u00a0\u00bbpost_content\u00a0\u00bb][et_pb_image src=\u00a0\u00bbhttps:\/\/www.accolade-asso.fr\/wp-content\/uploads\/2025\/07\/6.png\u00a0\u00bb _builder_version=\u00a0\u00bb4.27.4&Prime; _module_preset=\u00a0\u00bbdefault\u00a0\u00bb theme_builder_area=\u00a0\u00bbpost_content\u00a0\u00bb title_text=\u00a0\u00bb6&Prime; border_radii=\u00a0\u00bbon|12px|12px|12px|12px\u00a0\u00bb hover_enabled=\u00a0\u00bb0&Prime; sticky_enabled=\u00a0\u00bb0&Prime;][\/et_pb_image][\/et_pb_column][et_pb_column _builder_version=\u00a0\u00bb4.27.4&Prime; _module_preset=\u00a0\u00bbdefault\u00a0\u00bb type=\u00a0\u00bb3_5&Prime; theme_builder_area=\u00a0\u00bbpost_content\u00a0\u00bb][et_pb_text _builder_version=\u00a0\u00bb4.27.4&Prime; _module_preset=\u00a0\u00bbdefault\u00a0\u00bb theme_builder_area=\u00a0\u00bbpost_content\u00a0\u00bb text_text_color=\u00a0\u00bb#000000&Prime; text_font_size=\u00a0\u00bb16px\u00a0\u00bb hover_enabled=\u00a0\u00bb0&Prime; sticky_enabled=\u00a0\u00bb0&Prime;]<p>Accolade a un contrat d&rsquo;assurance et des conventions \u00ab\u00a0type\u00a0\u00bb permettant de cadre tout partenariat : qu&rsquo;il s&rsquo;agisse d&rsquo;un \u00e9v\u00e8nement, d&rsquo;une donation, ou d&rsquo;une action commune.<\/p>\n<p>Notre principe de fonctionnement :<\/p>\n<p>Une rencontre pr\u00e9alable est organis\u00e9e et le projet assocatif est pr\u00e9sent\u00e9. La pr\u00e9sentation des actions permet aux partenaires d&rsquo;identifier ce pourquoi et comment ils souhaitent se mobiliser.<\/p>\n<p>L&rsquo;\u00e9quipe d&rsquo;Accolade se propose d&rsquo;\u00eatre pr\u00e9sente sur les \u00e9v\u00e8nement et d&rsquo;aider \u00e0 l&rsquo;organisation, \u00e0 la mise en place et \u00e0 l&rsquo;animation.<\/p>\n<p>Nous fournissons les supports de communication et valorisons l&rsquo;action sur nos r\u00e9seaux sociaux.<\/p>\n<p>Une attestation de remise de don ou un re\u00e7u est \u00e9dit\u00e9 selon si vous repr\u00e9sentez une association ou une entreprise.<\/p>\n<p>Une id\u00e9e, un projet ?<\/p>\n<p>Contactez-nous !<\/p>[\/et_pb_text][\/et_pb_column][\/et_pb_row][\/et_pb_section]\n","protected":false},"excerpt":{"rendered":"<p>Vous \u00eates une association, une collectivit\u00e9 ou une entreprise et souhaitez soutenir des actions au plus proche des enfants ?Accolade a un contrat d&rsquo;assurance et des conventions \u00ab\u00a0type\u00a0\u00bb permettant de cadre tout partenariat : qu&rsquo;il s&rsquo;agisse d&rsquo;un \u00e9v\u00e8nement, d&rsquo;une donation, ou d&rsquo;une action commune. Notre principe de fonctionnement : Une rencontre pr\u00e9alable est organis\u00e9e et [&hellip;]<\/p>\n","protected":false},"author":1,"featured_media":0,"parent":0,"menu_order":0,"comment_status":"closed","ping_status":"closed","template":"","meta":{"_et_pb_use_builder":"on","_et_pb_old_content":"","_et_gb_content_width":"","_monsterinsights_skip_tracking":false,"_monsterinsights_sitenote_active":false,"_monsterinsights_sitenote_note":"","_monsterinsights_sitenote_category":0,"footnotes":""},"class_list":["post-987609667","page","type-page","status-publish","hentry"],"_links":{"self":[{"href":"https:\/\/www.accolade-asso.fr\/index.php\/wp-json\/wp\/v2\/pages\/987609667","targetHints":{"allow":["GET"]}}],"collection":[{"href":"https:\/\/www.accolade-asso.fr\/index.php\/wp-json\/wp\/v2\/pages"}],"about":[{"href":"https:\/\/www.accolade-asso.fr\/index.php\/wp-json\/wp\/v2\/types\/page"}],"author":[{"embeddable":true,"href":"https:\/\/www.accolade-asso.fr\/index.php\/wp-json\/wp\/v2\/users\/1"}],"replies":[{"embeddable":true,"href":"https:\/\/www.accolade-asso.fr\/index.php\/wp-json\/wp\/v2\/comments?post=987609667"}],"version-history":[{"count":4,"href":"https:\/\/www.accolade-asso.fr\/index.php\/wp-json\/wp\/v2\/pages\/987609667\/revisions"}],"predecessor-version":[{"id":987609673,"href":"https:\/\/www.accolade-asso.fr\/index.php\/wp-json\/wp\/v2\/pages\/987609667\/revisions\/987609673"}],"wp:attachment":[{"href":"https:\/\/www.accolade-asso.fr\/index.php\/wp-json\/wp\/v2\/media?parent=987609667"}],"curies":[{"name":"wp","href":"https:\/\/api.w.org\/{rel}","templated":true}]}}