{"id":987609637,"date":"2025-08-03T17:19:52","date_gmt":"2025-08-03T15:19:52","guid":{"rendered":"https:\/\/www.accolade-asso.fr\/?page_id=987609637"},"modified":"2025-08-04T11:17:53","modified_gmt":"2025-08-04T09:17:53","slug":"up25-2","status":"publish","type":"page","link":"https:\/\/www.accolade-asso.fr\/index.php\/up25-2\/","title":{"rendered":"UP25"},"content":{"rendered":"<p>[et_pb_section fb_built=\u00a0\u00bb1&Prime; fullwidth=\u00a0\u00bbon\u00a0\u00bb _builder_version=\u00a0\u00bb4.27.4&Prime; _module_preset=\u00a0\u00bbdefault\u00a0\u00bb custom_margin=\u00a0\u00bb-80px||-48px||false|false\u00a0\u00bb custom_padding=\u00a0\u00bb0px||||false|false\u00a0\u00bb global_colors_info=\u00a0\u00bb{}\u00a0\u00bb][et_pb_fullwidth_slider _builder_version=\u00a0\u00bb4.27.4&Prime; _module_preset=\u00a0\u00bbdefault\u00a0\u00bb header_font_size=\u00a0\u00bb46px\u00a0\u00bb custom_button=\u00a0\u00bbon\u00a0\u00bb button_bg_color=\u00a0\u00bbrgba(0,151,205,0.76)\u00a0\u00bb button_border_radius=\u00a0\u00bb16px\u00a0\u00bb button_font=\u00a0\u00bbFredoka One||||||||\u00a0\u00bb button_icon=\u00a0\u00bb&#xf004;||fa||400&Prime; button_alignment=\u00a0\u00bbcenter\u00a0\u00bb auto=\u00a0\u00bbon\u00a0\u00bb auto_speed=\u00a0\u00bb5000&Prime; auto_ignore_hover=\u00a0\u00bbon\u00a0\u00bb global_colors_info=\u00a0\u00bb{}\u00a0\u00bb][et_pb_slide heading=\u00a0\u00bbLa nouvelle unit\u00e9 d&rsquo;oncop\u00e9diatrie : UP25&Prime; button_text=\u00a0\u00bbD\u00e9couvrir\u00a0\u00bb button_link=\u00a0\u00bbhttps:\/\/www.centreoscarlambret.fr\/le-pole-doncologie-pediatrique-adolescents-et-jeunes-adultes\u00a0\u00bb use_text_overlay=\u00a0\u00bbon\u00a0\u00bb text_overlay_color=\u00a0\u00bbrgba(0,0,0,0.39)\u00a0\u00bb text_border_radius=\u00a0\u00bb35px\u00a0\u00bb _builder_version=\u00a0\u00bb4.27.4&Prime; _module_preset=\u00a0\u00bbdefault\u00a0\u00bb header_font=\u00a0\u00bbFredoka One||||||||\u00a0\u00bb header_font_size=\u00a0\u00bb50px\u00a0\u00bb body_text_align=\u00a0\u00bbcenter\u00a0\u00bb body_text_color=\u00a0\u00bb#FFFFFF\u00a0\u00bb body_font_size=\u00a0\u00bb20px\u00a0\u00bb background_color=\u00a0\u00bbRGBA(255,255,255,0)\u00a0\u00bb background_enable_color=\u00a0\u00bbon\u00a0\u00bb background_image=\u00a0\u00bbhttps:\/\/www.accolade-asso.fr\/wp-content\/uploads\/2025\/07\/8-1.png\u00a0\u00bb background_enable_image=\u00a0\u00bbon\u00a0\u00bb background_repeat=\u00a0\u00bbrepeat\u00a0\u00bb text_orientation=\u00a0\u00bbcenter\u00a0\u00bb width=\u00a0\u00bb100%\u00a0\u00bb global_colors_info=\u00a0\u00bb{}\u00a0\u00bb sticky_transition=\u00a0\u00bbon\u00a0\u00bb]<\/p>\n<p>La nouvelle unit\u00e9 accueille des enfants et adolescent dans un cadre moderne et confortable. Un secteur Jeunes Adultes (jusque 25 ans) a \u00e9t\u00e9 cr\u00e9\u00e9e \u00e0 cette occasion, d&rsquo;o\u00f9 son nom : UP25 !<\/p>\n<p>[\/et_pb_slide][\/et_pb_fullwidth_slider][\/et_pb_section][et_pb_section fb_built=\u00a0\u00bb1&Prime; _builder_version=\u00a0\u00bb4.27.4&Prime; _module_preset=\u00a0\u00bbdefault\u00a0\u00bb custom_padding=\u00a0\u00bb5px||0px|||\u00a0\u00bb global_colors_info=\u00a0\u00bb{}\u00a0\u00bb][et_pb_row _builder_version=\u00a0\u00bb4.27.4&Prime; _module_preset=\u00a0\u00bbdefault\u00a0\u00bb global_colors_info=\u00a0\u00bb{}\u00a0\u00bb][et_pb_column type=\u00a0\u00bb4_4&Prime; _builder_version=\u00a0\u00bb4.27.4&Prime; _module_preset=\u00a0\u00bbdefault\u00a0\u00bb global_colors_info=\u00a0\u00bb{}\u00a0\u00bb][et_pb_heading title=\u00a0\u00bbLa nouvelle unit\u00e9 UP25 du Centre Oscar Lambret\u00a0\u00bb _builder_version=\u00a0\u00bb4.27.4&Prime; _module_preset=\u00a0\u00bbdefault\u00a0\u00bb title_font=\u00a0\u00bbFredoka One||||||||\u00a0\u00bb title_text_align=\u00a0\u00bbcenter\u00a0\u00bb global_colors_info=\u00a0\u00bb{}\u00a0\u00bb][\/et_pb_heading][et_pb_text _builder_version=\u00a0\u00bb4.27.4&Prime; _module_preset=\u00a0\u00bbdefault\u00a0\u00bb text_text_color=\u00a0\u00bb#000000&Prime; text_font_size=\u00a0\u00bb16px\u00a0\u00bb global_colors_info=\u00a0\u00bb{}\u00a0\u00bb]<\/p>\n<div class=\"citation-wrapper\">\n<blockquote class=\"field--name-field-texte\">\n<p>\u00ab\u00a0Pour les enfants et les adolescents, le cancer est une \u00e9preuve \u00e0 la fois physique et psychologique. Ils doivent faire face \u00e0 une s\u00e9paration brutale avec leur environnement social et scolaire. Avec ces nouveaux locaux, nous voulons construire une unit\u00e9 familiale, qui am\u00e9liorera la qualit\u00e9 de vie et l\u2019accompagnement de nos jeunes patients. Pour entreprendre ce projet ambitieux, nous avons besoin de vous ! \u00a0Merci d&rsquo;\u00eatre \u00e0 nos c\u00f4t\u00e9s et de porter main forte \u00e0 nos jeunes patients qui luttent comme des super-h\u00e9ros contre la maladie\u00a0\u00bb<\/p>\n<\/blockquote>\n<\/div>\n<div class=\"field field--name-field-auteur field--type-string field--label-hidden field__items\">\n<div class=\"field__item\"><em>Docteur Anne-Sophie Defachelles, Chef de l\u2019Unit\u00e9 P\u00e9diatrique, Adolescents et Jeunes Adultes du Centre Oscar Lambret<\/em><\/div>\n<\/div>\n<p>[\/et_pb_text][\/et_pb_column][\/et_pb_row][\/et_pb_section][et_pb_section fb_built=\u00a0\u00bb1&Prime; _builder_version=\u00a0\u00bb4.27.4&Prime; _module_preset=\u00a0\u00bbdefault\u00a0\u00bb custom_padding=\u00a0\u00bb27px||22px|||\u00a0\u00bb global_colors_info=\u00a0\u00bb{}\u00a0\u00bb][et_pb_row column_structure=\u00a0\u00bb3_5,2_5&Prime; _builder_version=\u00a0\u00bb4.27.4&Prime; _module_preset=\u00a0\u00bbdefault\u00a0\u00bb global_colors_info=\u00a0\u00bb{}\u00a0\u00bb custom_padding=\u00a0\u00bb||0px|||\u00a0\u00bb][et_pb_column type=\u00a0\u00bb3_5&Prime; _builder_version=\u00a0\u00bb4.27.4&Prime; _module_preset=\u00a0\u00bbdefault\u00a0\u00bb global_colors_info=\u00a0\u00bb{}\u00a0\u00bb][et_pb_video src=\u00a0\u00bbhttps:\/\/youtu.be\/6tU2l4KFfnI\u00a0\u00bb _builder_version=\u00a0\u00bb4.27.4&Prime; _module_preset=\u00a0\u00bbdefault\u00a0\u00bb custom_padding=\u00a0\u00bb15px||||false|false\u00a0\u00bb border_radii=\u00a0\u00bbon|2px|2px|2px|2px\u00a0\u00bb border_width_all=\u00a0\u00bb2px\u00a0\u00bb border_color_all=\u00a0\u00bb#E65284&Prime; global_colors_info=\u00a0\u00bb{}\u00a0\u00bb][\/et_pb_video][\/et_pb_column][et_pb_column type=\u00a0\u00bb2_5&Prime; _builder_version=\u00a0\u00bb4.27.4&Prime; _module_preset=\u00a0\u00bbdefault\u00a0\u00bb global_colors_info=\u00a0\u00bb{}\u00a0\u00bb][et_pb_text _builder_version=\u00a0\u00bb4.27.4&Prime; _module_preset=\u00a0\u00bbdefault\u00a0\u00bb text_text_color=\u00a0\u00bb#000000&Prime; text_font_size=\u00a0\u00bb16px\u00a0\u00bb global_colors_info=\u00a0\u00bb{}\u00a0\u00bb]<\/p>\n<p>L\u2019unit\u00e9 p\u00e9diatrique, adolescents et jeunes adultes du Centre Oscar Lambret prend de la hauteur et accueille d\u00e9sormais ses patients au 4\u00e8me \u00e9tage de l\u2019\u00e9tablissement.<\/p>\n<p>L\u2019unit\u00e9 a d\u00e9m\u00e9nag\u00e9, s\u2019est agrandie et s&rsquo;est refait une beaut\u00e9 pour offrir aux enfants adolescents et jeunes adultes atteints d\u2019une tumeur solide p\u00e9diatrique, <strong>de nouveaux espaces, garants d\u2019une meilleure qualit\u00e9 de vie<\/strong>.<\/p>\n<p><span>Ils ont 5 ans, 7 ans ou 15 ans. Chaque jour, ils livrent un combat pour la vie. C\u2019est pour nos super-h\u00e9ros, nos jeunes patients de 0 \u00e0 25 ans, que nous cr\u00e9ons une nouvelle UNITE.<\/span><\/p>\n<p><span>Parce que les besoins ne sont pas les m\u00eames \u00e0 5 ou 17 ans, la nouvelle UNITE comprend deux ailes d\u2019hospitalisation distinctes : 0-14 ans et 15-25 ans. Con\u00e7ue comme un lieu de vie, la nouvelle Unit\u00e9 r\u00e9pond aux besoins bien sp\u00e9cifiques de nos Super-H\u00e9ros. Elle comprend :<\/span><\/p>\n<ul>\n<li><span><strong>Des chambres plus spacieuses<\/strong><\/span><\/li>\n<li><span><strong>Un espace de jeux et une salle ados<\/strong><\/span><\/li>\n<li><span><strong>Une nouvelle salle de classe<\/strong><\/span><\/li>\n<li><span><strong>Une chambre Snoezelen<\/strong><\/span><\/li>\n<li><span><strong>Une salle des parents<\/strong><\/span><\/li>\n<\/ul>\n<p>&nbsp;<\/p>\n<p>[\/et_pb_text][\/et_pb_column][\/et_pb_row][et_pb_row _builder_version=\u00a0\u00bb4.27.4&Prime; _module_preset=\u00a0\u00bbdefault\u00a0\u00bb column_structure=\u00a0\u00bb2_5,3_5&Prime;][et_pb_column _builder_version=\u00a0\u00bb4.27.4&Prime; _module_preset=\u00a0\u00bbdefault\u00a0\u00bb type=\u00a0\u00bb2_5&Prime;][et_pb_image src=\u00a0\u00bbhttps:\/\/www.accolade-asso.fr\/wp-content\/uploads\/2020\/03\/Depliant19F6COL2019V3-2.jpg\u00a0\u00bb _builder_version=\u00a0\u00bb4.27.4&Prime; _module_preset=\u00a0\u00bbdefault\u00a0\u00bb title_text=\u00a0\u00bbDepliant19F6COL2019V3-2&Prime; border_radii=\u00a0\u00bbon|14px|14px|14px|14px\u00a0\u00bb hover_enabled=\u00a0\u00bb0&Prime; sticky_enabled=\u00a0\u00bb0&Prime;][\/et_pb_image][\/et_pb_column][et_pb_column _builder_version=\u00a0\u00bb4.27.4&Prime; _module_preset=\u00a0\u00bbdefault\u00a0\u00bb type=\u00a0\u00bb3_5&Prime;][et_pb_image src=\u00a0\u00bbhttps:\/\/www.accolade-asso.fr\/wp-content\/uploads\/2020\/03\/up25-copie.png\u00a0\u00bb _builder_version=\u00a0\u00bb4.27.4&Prime; _module_preset=\u00a0\u00bbdefault\u00a0\u00bb title_text=\u00a0\u00bbup25 copie\u00a0\u00bb hover_enabled=\u00a0\u00bb0&Prime; sticky_enabled=\u00a0\u00bb0&Prime; border_radii=\u00a0\u00bbon|14px|14px|14px|14px\u00a0\u00bb][\/et_pb_image][\/et_pb_column][\/et_pb_row][\/et_pb_section][et_pb_section fb_built=\u00a0\u00bb1&Prime; _builder_version=\u00a0\u00bb4.27.4&Prime; _module_preset=\u00a0\u00bbdefault\u00a0\u00bb background_color=\u00a0\u00bb#0097CD\u00a0\u00bb top_divider_height=\u00a0\u00bb120px\u00a0\u00bb top_divider_repeat=\u00a0\u00bb3x\u00a0\u00bb global_colors_info=\u00a0\u00bb{}\u00a0\u00bb][et_pb_row use_custom_gutter=\u00a0\u00bbon\u00a0\u00bb gutter_width=\u00a0\u00bb2&Prime; _builder_version=\u00a0\u00bb4.16&Prime; _module_preset=\u00a0\u00bbdefault\u00a0\u00bb width=\u00a0\u00bb100%\u00a0\u00bb locked=\u00a0\u00bboff\u00a0\u00bb global_colors_info=\u00a0\u00bb{}\u00a0\u00bb][et_pb_column type=\u00a0\u00bb4_4&Prime; _builder_version=\u00a0\u00bb4.16&Prime; _module_preset=\u00a0\u00bbdefault\u00a0\u00bb global_colors_info=\u00a0\u00bb{}\u00a0\u00bb][dnxte_coverflowslider_parent dnxte_coverflow_loop=\u00a0\u00bbon\u00a0\u00bb dnxte_coverflow_centered_slides=\u00a0\u00bbon\u00a0\u00bb dnxte_coverflow_grab=\u00a0\u00bbon\u00a0\u00bb dnxte_coverflow_speed=\u00a0\u00bb649&Prime; dnxte_coverflow_spacebetween=\u00a0\u00bb0&Prime; dnxte_coverflow_arrows=\u00a0\u00bbon\u00a0\u00bb dnxte_coverflow_slide_rotate=\u00a0\u00bb1&Prime; dnxte_coverflow_slide_stretch=\u00a0\u00bb1&Prime; dnxte_coverflow_slide_depth=\u00a0\u00bb1&Prime; dnxte_coverflow_arrow_color=\u00a0\u00bb#f78c8c\u00a0\u00bb dnxte_coverflow_arrow_background_color=\u00a0\u00bb#ffffff\u00a0\u00bb dnxte_coverflow_dots_color=\u00a0\u00bb#000000&Prime; dnxte_coverflow_dots_active_color=\u00a0\u00bb#e07a74&Prime; dnxte_coverflow_arrow_size=\u00a0\u00bb65&Prime; dnxte_coverflow_arrow_position=\u00a0\u00bbinner\u00a0\u00bb _builder_version=\u00a0\u00bb4.27.4&Prime; _module_preset=\u00a0\u00bbdefault\u00a0\u00bb global_colors_info=\u00a0\u00bb{}\u00a0\u00bb][dnxte_coverflowslider_child coverflowslider_image=\u00a0\u00bbhttps:\/\/www.accolade-asso.fr\/wp-content\/uploads\/2025\/07\/GOarchitectes-NUOPA-Session2-Juin2023-10.jpeg\u00a0\u00bb _builder_version=\u00a0\u00bb4.27.4&Prime; _module_preset=\u00a0\u00bbdefault\u00a0\u00bb global_colors_info=\u00a0\u00bb{}\u00a0\u00bb][\/dnxte_coverflowslider_child][dnxte_coverflowslider_child coverflowslider_image=\u00a0\u00bbhttps:\/\/www.accolade-asso.fr\/wp-content\/uploads\/2025\/07\/GOArchitectes-oncopediatrieOscarLambret-Janvier2023-20.jpeg\u00a0\u00bb _builder_version=\u00a0\u00bb4.27.4&Prime; _module_preset=\u00a0\u00bbdefault\u00a0\u00bb global_colors_info=\u00a0\u00bb{}\u00a0\u00bb][\/dnxte_coverflowslider_child][dnxte_coverflowslider_child coverflowslider_image=\u00a0\u00bbhttps:\/\/www.accolade-asso.fr\/wp-content\/uploads\/2025\/07\/GOArchitectes-oncopediatrieOscarLambret-Janvier2023-18.jpeg\u00a0\u00bb _builder_version=\u00a0\u00bb4.27.4&Prime; _module_preset=\u00a0\u00bbdefault\u00a0\u00bb global_colors_info=\u00a0\u00bb{}\u00a0\u00bb][\/dnxte_coverflowslider_child][dnxte_coverflowslider_child coverflowslider_image=\u00a0\u00bbhttps:\/\/www.accolade-asso.fr\/wp-content\/uploads\/2025\/07\/GOarchitectes-NUOPA-Session2-Juin2023-15.jpeg\u00a0\u00bb _builder_version=\u00a0\u00bb4.27.4&Prime; _module_preset=\u00a0\u00bbdefault\u00a0\u00bb global_colors_info=\u00a0\u00bb{}\u00a0\u00bb][\/dnxte_coverflowslider_child][dnxte_coverflowslider_child coverflowslider_image=\u00a0\u00bbhttps:\/\/www.accolade-asso.fr\/wp-content\/uploads\/2025\/07\/GOarchitectes-NUOPA-Session2-Juin2023-13.jpeg\u00a0\u00bb _builder_version=\u00a0\u00bb4.27.4&Prime; _module_preset=\u00a0\u00bbdefault\u00a0\u00bb global_colors_info=\u00a0\u00bb{}\u00a0\u00bb][\/dnxte_coverflowslider_child][dnxte_coverflowslider_child coverflowslider_image=\u00a0\u00bbhttps:\/\/www.accolade-asso.fr\/wp-content\/uploads\/2025\/07\/GOarchitectes-NUOPA-Session2-Juin2023-8.jpeg\u00a0\u00bb _builder_version=\u00a0\u00bb4.27.4&Prime; _module_preset=\u00a0\u00bbdefault\u00a0\u00bb global_colors_info=\u00a0\u00bb{}\u00a0\u00bb][\/dnxte_coverflowslider_child][dnxte_coverflowslider_child coverflowslider_image=\u00a0\u00bbhttps:\/\/www.accolade-asso.fr\/wp-content\/uploads\/2025\/07\/GOarchitectes-NUOPA-Session2-Juin2023-3.jpeg\u00a0\u00bb _builder_version=\u00a0\u00bb4.27.4&Prime; _module_preset=\u00a0\u00bbdefault\u00a0\u00bb global_colors_info=\u00a0\u00bb{}\u00a0\u00bb][\/dnxte_coverflowslider_child][\/dnxte_coverflowslider_parent][\/et_pb_column][\/et_pb_row][\/et_pb_section]<\/p>\n","protected":false},"excerpt":{"rendered":"<p>La nouvelle unit\u00e9 accueille des enfants et adolescent dans un cadre moderne et confortable. Un secteur Jeunes Adultes (jusque 25 ans) a \u00e9t\u00e9 cr\u00e9\u00e9e \u00e0 cette occasion, d&rsquo;o\u00f9 son nom : UP25 ! \u00ab\u00a0Pour les enfants et les adolescents, le cancer est une \u00e9preuve \u00e0 la fois physique et psychologique. Ils doivent faire face \u00e0 [&hellip;]<\/p>\n","protected":false},"author":1,"featured_media":0,"parent":0,"menu_order":0,"comment_status":"closed","ping_status":"closed","template":"","meta":{"_et_pb_use_builder":"on","_et_pb_old_content":"","_et_gb_content_width":"","_monsterinsights_skip_tracking":false,"_monsterinsights_sitenote_active":false,"_monsterinsights_sitenote_note":"","_monsterinsights_sitenote_category":0,"footnotes":""},"class_list":["post-987609637","page","type-page","status-publish","hentry"],"_links":{"self":[{"href":"https:\/\/www.accolade-asso.fr\/index.php\/wp-json\/wp\/v2\/pages\/987609637","targetHints":{"allow":["GET"]}}],"collection":[{"href":"https:\/\/www.accolade-asso.fr\/index.php\/wp-json\/wp\/v2\/pages"}],"about":[{"href":"https:\/\/www.accolade-asso.fr\/index.php\/wp-json\/wp\/v2\/types\/page"}],"author":[{"embeddable":true,"href":"https:\/\/www.accolade-asso.fr\/index.php\/wp-json\/wp\/v2\/users\/1"}],"replies":[{"embeddable":true,"href":"https:\/\/www.accolade-asso.fr\/index.php\/wp-json\/wp\/v2\/comments?post=987609637"}],"version-history":[{"count":7,"href":"https:\/\/www.accolade-asso.fr\/index.php\/wp-json\/wp\/v2\/pages\/987609637\/revisions"}],"predecessor-version":[{"id":987609687,"href":"https:\/\/www.accolade-asso.fr\/index.php\/wp-json\/wp\/v2\/pages\/987609637\/revisions\/987609687"}],"wp:attachment":[{"href":"https:\/\/www.accolade-asso.fr\/index.php\/wp-json\/wp\/v2\/media?parent=987609637"}],"curies":[{"name":"wp","href":"https:\/\/api.w.org\/{rel}","templated":true}]}}