{"id":987609572,"date":"2025-08-01T12:00:32","date_gmt":"2025-08-01T10:00:32","guid":{"rendered":"https:\/\/www.accolade-asso.fr\/?page_id=987609572"},"modified":"2025-08-01T12:00:34","modified_gmt":"2025-08-01T10:00:34","slug":"projet-3p-ars","status":"publish","type":"page","link":"https:\/\/www.accolade-asso.fr\/index.php\/projet-3p-ars\/","title":{"rendered":"Projet 3P \/ ARS"},"content":{"rendered":"\n[et_pb_section fb_built=\u00a0\u00bb1&Prime; admin_label=\u00a0\u00bbHeader\u00a0\u00bb _builder_version=\u00a0\u00bb4.27.4&Prime; _module_preset=\u00a0\u00bbdefault\u00a0\u00bb background_color=\u00a0\u00bbrgba(50,108,172,0.28)\u00a0\u00bb use_background_color_gradient=\u00a0\u00bbon\u00a0\u00bb background_color_gradient_direction=\u00a0\u00bb90deg\u00a0\u00bb background_color_gradient_stops=\u00a0\u00bbrgba(255,255,255,0) 60%|#2f6098 60%\u00a0\u00bb custom_padding=\u00a0\u00bb33px||13px|||\u00a0\u00bb background_last_edited=\u00a0\u00bbon|desktop\u00a0\u00bb use_background_color_gradient_tablet=\u00a0\u00bbon\u00a0\u00bb use_background_color_gradient_phone=\u00a0\u00bbon\u00a0\u00bb background_color_gradient_direction_tablet=\u00a0\u00bb180deg\u00a0\u00bb background_color_gradient_stops_tablet=\u00a0\u00bbrgba(255,255,255,0) 60%|gcid-2a386b1e-9149-40c6-b24d-5e9fedecf039 60%\u00a0\u00bb background_color_gradient_stops_phone=\u00a0\u00bbrgba(255,255,255,0) 60%|gcid-2a386b1e-9149-40c6-b24d-5e9fedecf039 60%\u00a0\u00bb collapsed=\u00a0\u00bbon\u00a0\u00bb global_colors_info=\u00a0\u00bb{}\u00a0\u00bb theme_builder_area=\u00a0\u00bbpost_content\u00a0\u00bb][et_pb_row column_structure=\u00a0\u00bb1_2,1_2&Prime; _builder_version=\u00a0\u00bb4.25.1&Prime; _module_preset=\u00a0\u00bbdefault\u00a0\u00bb custom_padding=\u00a0\u00bb3px||53px|||\u00a0\u00bb global_colors_info=\u00a0\u00bb{}\u00a0\u00bb theme_builder_area=\u00a0\u00bbpost_content\u00a0\u00bb][et_pb_column type=\u00a0\u00bb1_2&Prime; _builder_version=\u00a0\u00bb4.25.1&Prime; _module_preset=\u00a0\u00bbdefault\u00a0\u00bb custom_padding=\u00a0\u00bb100px||||false|false\u00a0\u00bb custom_padding_tablet=\u00a0\u00bb0px||||false|false\u00a0\u00bb custom_padding_phone=\u00a0\u00bb||||false|false\u00a0\u00bb custom_padding_last_edited=\u00a0\u00bbon|phone\u00a0\u00bb global_colors_info=\u00a0\u00bb{}\u00a0\u00bb theme_builder_area=\u00a0\u00bbpost_content\u00a0\u00bb][et_pb_heading title=\u00a0\u00bbpar et pour les parents\u00a0\u00bb _builder_version=\u00a0\u00bb4.27.4&Prime; _module_preset=\u00a0\u00bb9e2511be-fe9e-442f-b78d-c67ed5bf7277&Prime; title_font=\u00a0\u00bb|700||on|||||\u00a0\u00bb title_text_color=\u00a0\u00bb#21467D\u00a0\u00bb title_font_size=\u00a0\u00bb19px\u00a0\u00bb custom_margin=\u00a0\u00bb||-11px||false|false\u00a0\u00bb hover_enabled=\u00a0\u00bb0&Prime; locked=\u00a0\u00bboff\u00a0\u00bb global_colors_info=\u00a0\u00bb{}\u00a0\u00bb theme_builder_area=\u00a0\u00bbpost_content\u00a0\u00bb sticky_enabled=\u00a0\u00bb0&Prime;][\/et_pb_heading][et_pb_heading _builder_version=\u00a0\u00bb4.27.4&Prime; _module_preset=\u00a0\u00bb9e2511be-fe9e-442f-b78d-c67ed5bf7277&Prime; title_font=\u00a0\u00bb|700||on|||||\u00a0\u00bb title_text_color=\u00a0\u00bb#21467D\u00a0\u00bb title_font_size=\u00a0\u00bb19px\u00a0\u00bb custom_margin=\u00a0\u00bb||-11px||false|false\u00a0\u00bb locked=\u00a0\u00bboff\u00a0\u00bb global_colors_info=\u00a0\u00bb{}\u00a0\u00bb theme_builder_area=\u00a0\u00bbpost_content\u00a0\u00bb][\/et_pb_heading][et_pb_heading title=\u00a0\u00bb3P-ARS\u00a0\u00bb _builder_version=\u00a0\u00bb4.27.4&Prime; _module_preset=\u00a0\u00bbd6374dcf-05f6-4644-90ad-d58a19a6a944&Prime; title_font=\u00a0\u00bbFredoka One||||||||\u00a0\u00bb title_text_color=\u00a0\u00bb#0097CD\u00a0\u00bb custom_margin=\u00a0\u00bb||10px||false|false\u00a0\u00bb hover_enabled=\u00a0\u00bb0&Prime; global_colors_info=\u00a0\u00bb{}\u00a0\u00bb theme_builder_area=\u00a0\u00bbpost_content\u00a0\u00bb sticky_enabled=\u00a0\u00bb0&Prime;][\/et_pb_heading][et_pb_text _builder_version=\u00a0\u00bb4.27.4&Prime; _module_preset=\u00a0\u00bb83bc62d1-c255-480c-9f7e-c0a2203914b1&Prime; text_text_color=\u00a0\u00bb#21467D\u00a0\u00bb hover_enabled=\u00a0\u00bb0&Prime; global_colors_info=\u00a0\u00bb{}\u00a0\u00bb theme_builder_area=\u00a0\u00bbpost_content\u00a0\u00bb sticky_enabled=\u00a0\u00bb0&Prime;]<p><span>Accolade a r\u00e9pondu \u00e0 un appel \u00e0 projet \u00e9manant de l&rsquo;Agence R\u00e9gionale de Sant\u00e9 sur les questions de d\u00e9mocratie sanitaire. Le projet, <strong>\u00ab\u00a0Par et Pour et les Parents\u00a0\u00bb <\/strong>(3P) a pour objet de consulter les parents et les jeunes concern\u00e9s sur des questions d&rsquo;acc\u00e8s aux droits<\/span><\/p>\n<p><span><strong><\/strong><\/span><\/p>[\/et_pb_text][\/et_pb_column][et_pb_column type=\u00a0\u00bb1_2&Prime; _builder_version=\u00a0\u00bb4.25.1&Prime; _module_preset=\u00a0\u00bbdefault\u00a0\u00bb global_colors_info=\u00a0\u00bb{}\u00a0\u00bb theme_builder_area=\u00a0\u00bbpost_content\u00a0\u00bb][et_pb_image src=\u00a0\u00bbhttps:\/\/www.accolade-asso.fr\/wp-content\/uploads\/2025\/08\/Logo-ARS-HdF-RVB_0.jpg\u00a0\u00bb title_text=\u00a0\u00bbLogo ARS HdF RVB_0&Prime; _builder_version=\u00a0\u00bb4.27.4&Prime; _module_preset=\u00a0\u00bbdefault\u00a0\u00bb z_index=\u00a0\u00bb11&Prime; module_alignment=\u00a0\u00bbcenter\u00a0\u00bb custom_padding=\u00a0\u00bb10%|10%|0px|10%|false|true\u00a0\u00bb hover_enabled=\u00a0\u00bb0&Prime; border_radii=\u00a0\u00bbon|18px|18px|18px|18px\u00a0\u00bb border_width_all=\u00a0\u00bb16px\u00a0\u00bb border_color_all=\u00a0\u00bb#FFFFFF\u00a0\u00bb box_shadow_style=\u00a0\u00bbpreset1&Prime; box_shadow_color=\u00a0\u00bbrgba(0,0,0,0.11)\u00a0\u00bb global_colors_info=\u00a0\u00bb{}\u00a0\u00bb box_shadow_color__hover=\u00a0\u00bbRGBA(255,255,255,0)\u00a0\u00bb box_shadow_color__hover_enabled=\u00a0\u00bbon|hover\u00a0\u00bb transform_styles__hover_enabled=\u00a0\u00bbon|hover\u00a0\u00bb transform_scale__hover=\u00a0\u00bb99%|99%\u00a0\u00bb transform_scale__hover_enabled=\u00a0\u00bbon|hover\u00a0\u00bb transform_translate__hover_enabled=\u00a0\u00bbon|hover\u00a0\u00bb transform_rotate__hover_enabled=\u00a0\u00bbon|hover\u00a0\u00bb transform_skew__hover_enabled=\u00a0\u00bbon|hover\u00a0\u00bb transform_origin__hover_enabled=\u00a0\u00bbon|hover\u00a0\u00bb theme_builder_area=\u00a0\u00bbpost_content\u00a0\u00bb sticky_enabled=\u00a0\u00bb0&Prime; custom_margin=\u00a0\u00bb45px|||||\u00a0\u00bb][\/et_pb_image][\/et_pb_column][\/et_pb_row][\/et_pb_section][et_pb_section fb_built=\u00a0\u00bb1&Prime; custom_padding_last_edited=\u00a0\u00bbon|desktop\u00a0\u00bb admin_label=\u00a0\u00bbLayout 6 style\u00a0\u00bb _builder_version=\u00a0\u00bb4.27.4&Prime; background_color=\u00a0\u00bb#FFFFFF\u00a0\u00bb custom_padding=\u00a0\u00bb4px||4px||true|false\u00a0\u00bb custom_padding_tablet=\u00a0\u00bb60px||60px||true|false\u00a0\u00bb custom_padding_phone=\u00a0\u00bb50px||50px||true|false\u00a0\u00bb locked=\u00a0\u00bboff\u00a0\u00bb global_colors_info=\u00a0\u00bb{}\u00a0\u00bb theme_builder_area=\u00a0\u00bbpost_content\u00a0\u00bb][et_pb_row _builder_version=\u00a0\u00bb4.27.4&Prime; _module_preset=\u00a0\u00bbdefault\u00a0\u00bb global_colors_info=\u00a0\u00bb{}\u00a0\u00bb theme_builder_area=\u00a0\u00bbpost_content\u00a0\u00bb][et_pb_column type=\u00a0\u00bb4_4&Prime; _builder_version=\u00a0\u00bb4.27.4&Prime; _module_preset=\u00a0\u00bbdefault\u00a0\u00bb global_colors_info=\u00a0\u00bb{}\u00a0\u00bb theme_builder_area=\u00a0\u00bbpost_content\u00a0\u00bb][et_pb_text _builder_version=\u00a0\u00bb4.27.4&Prime; _module_preset=\u00a0\u00bbdefault\u00a0\u00bb text_text_color=\u00a0\u00bb#000000&Prime; text_font_size=\u00a0\u00bb16px\u00a0\u00bb custom_padding=\u00a0\u00bb27px|||||\u00a0\u00bb global_colors_info=\u00a0\u00bb{}\u00a0\u00bb theme_builder_area=\u00a0\u00bbpost_content\u00a0\u00bb]<ul>\n<li><span>La scolarit\u00e9 des enfants : impact et propositions d&rsquo;am\u00e9liorations<\/span><\/li>\n<li><span>L&rsquo;insertion des jeunes : \u00a0apr\u00e8s la maladie, quelle reprise d&rsquo;activit\u00e9 ? Comment ? et quelles adaptations ?<\/span><\/li>\n<li><span>La prise en charge de l&rsquo;Activit\u00e9 Physique Adapt\u00e9e, comme pour les adultes, par la CPAM.<\/span><\/li>\n<\/ul>\n<p><strong>Pr\u00e9sentation<\/strong><\/p>\n<p><strong><\/strong><\/p>\n<p>&nbsp;<\/p>\n<p>&nbsp;<\/p>\n<p>&nbsp;<\/p>[\/et_pb_text][\/et_pb_column][\/et_pb_row][\/et_pb_section]\n","protected":false},"excerpt":{"rendered":"<p>Accolade a r\u00e9pondu \u00e0 un appel \u00e0 projet \u00e9manant de l&rsquo;Agence R\u00e9gionale de Sant\u00e9 sur les questions de d\u00e9mocratie sanitaire. Le projet, \u00ab\u00a0Par et Pour et les Parents\u00a0\u00bb (3P) a pour objet de consulter les parents et les jeunes concern\u00e9s sur des questions d&rsquo;acc\u00e8s aux droits La scolarit\u00e9 des enfants : impact et propositions d&rsquo;am\u00e9liorations [&hellip;]<\/p>\n","protected":false},"author":1,"featured_media":0,"parent":0,"menu_order":0,"comment_status":"closed","ping_status":"closed","template":"","meta":{"_et_pb_use_builder":"on","_et_pb_old_content":"","_et_gb_content_width":"","_monsterinsights_skip_tracking":false,"_monsterinsights_sitenote_active":false,"_monsterinsights_sitenote_note":"","_monsterinsights_sitenote_category":0,"footnotes":""},"class_list":["post-987609572","page","type-page","status-publish","hentry"],"_links":{"self":[{"href":"https:\/\/www.accolade-asso.fr\/index.php\/wp-json\/wp\/v2\/pages\/987609572","targetHints":{"allow":["GET"]}}],"collection":[{"href":"https:\/\/www.accolade-asso.fr\/index.php\/wp-json\/wp\/v2\/pages"}],"about":[{"href":"https:\/\/www.accolade-asso.fr\/index.php\/wp-json\/wp\/v2\/types\/page"}],"author":[{"embeddable":true,"href":"https:\/\/www.accolade-asso.fr\/index.php\/wp-json\/wp\/v2\/users\/1"}],"replies":[{"embeddable":true,"href":"https:\/\/www.accolade-asso.fr\/index.php\/wp-json\/wp\/v2\/comments?post=987609572"}],"version-history":[{"count":4,"href":"https:\/\/www.accolade-asso.fr\/index.php\/wp-json\/wp\/v2\/pages\/987609572\/revisions"}],"predecessor-version":[{"id":987609578,"href":"https:\/\/www.accolade-asso.fr\/index.php\/wp-json\/wp\/v2\/pages\/987609572\/revisions\/987609578"}],"wp:attachment":[{"href":"https:\/\/www.accolade-asso.fr\/index.php\/wp-json\/wp\/v2\/media?parent=987609572"}],"curies":[{"name":"wp","href":"https:\/\/api.w.org\/{rel}","templated":true}]}}