{"id":987582588,"date":"2025-07-30T19:07:31","date_gmt":"2025-07-30T17:07:31","guid":{"rendered":"https:\/\/www.accolade-asso.fr\/?page_id=987582588"},"modified":"2025-07-30T19:07:32","modified_gmt":"2025-07-30T17:07:32","slug":"en-hope-2","status":"publish","type":"page","link":"https:\/\/www.accolade-asso.fr\/index.php\/en-hope-2\/","title":{"rendered":"EN-HOPE"},"content":{"rendered":"\n[et_pb_section fb_built=\u00a0\u00bb1&Prime; admin_label=\u00a0\u00bbHeader\u00a0\u00bb _builder_version=\u00a0\u00bb4.27.4&Prime; _module_preset=\u00a0\u00bbdefault\u00a0\u00bb background_color=\u00a0\u00bbrgba(50,108,172,0.28)\u00a0\u00bb use_background_color_gradient=\u00a0\u00bbon\u00a0\u00bb background_color_gradient_direction=\u00a0\u00bb90deg\u00a0\u00bb background_color_gradient_stops=\u00a0\u00bbrgba(255,255,255,0) 60%|#2f6098 60%\u00a0\u00bb custom_padding=\u00a0\u00bb33px||13px|||\u00a0\u00bb background_last_edited=\u00a0\u00bbon|desktop\u00a0\u00bb use_background_color_gradient_tablet=\u00a0\u00bbon\u00a0\u00bb use_background_color_gradient_phone=\u00a0\u00bbon\u00a0\u00bb background_color_gradient_direction_tablet=\u00a0\u00bb180deg\u00a0\u00bb background_color_gradient_stops_tablet=\u00a0\u00bbrgba(255,255,255,0) 60%|gcid-2a386b1e-9149-40c6-b24d-5e9fedecf039 60%\u00a0\u00bb background_color_gradient_stops_phone=\u00a0\u00bbrgba(255,255,255,0) 60%|gcid-2a386b1e-9149-40c6-b24d-5e9fedecf039 60%\u00a0\u00bb collapsed=\u00a0\u00bbon\u00a0\u00bb global_colors_info=\u00a0\u00bb{}\u00a0\u00bb][et_pb_row column_structure=\u00a0\u00bb1_2,1_2&Prime; _builder_version=\u00a0\u00bb4.25.1&Prime; _module_preset=\u00a0\u00bbdefault\u00a0\u00bb custom_padding=\u00a0\u00bb3px|||||\u00a0\u00bb global_colors_info=\u00a0\u00bb{}\u00a0\u00bb][et_pb_column type=\u00a0\u00bb1_2&Prime; _builder_version=\u00a0\u00bb4.25.1&Prime; _module_preset=\u00a0\u00bbdefault\u00a0\u00bb custom_padding=\u00a0\u00bb100px||||false|false\u00a0\u00bb custom_padding_tablet=\u00a0\u00bb0px||||false|false\u00a0\u00bb custom_padding_phone=\u00a0\u00bb||||false|false\u00a0\u00bb custom_padding_last_edited=\u00a0\u00bbon|phone\u00a0\u00bb global_colors_info=\u00a0\u00bb{}\u00a0\u00bb][et_pb_heading title=\u00a0\u00bbOrganisation Inter-r\u00e9gionale &#8211; OIR\u00a0\u00bb _builder_version=\u00a0\u00bb4.27.4&Prime; _module_preset=\u00a0\u00bb9e2511be-fe9e-442f-b78d-c67ed5bf7277&Prime; title_font=\u00a0\u00bb|700||on|||||\u00a0\u00bb title_text_color=\u00a0\u00bb#21467D\u00a0\u00bb title_font_size=\u00a0\u00bb19px\u00a0\u00bb custom_margin=\u00a0\u00bb||-11px||false|false\u00a0\u00bb locked=\u00a0\u00bboff\u00a0\u00bb][\/et_pb_heading][et_pb_heading title=\u00a0\u00bbEN-HOPE\u00a0\u00bb _builder_version=\u00a0\u00bb4.27.4&Prime; _module_preset=\u00a0\u00bbd6374dcf-05f6-4644-90ad-d58a19a6a944&Prime; title_font=\u00a0\u00bbFredoka One||||||||\u00a0\u00bb title_text_color=\u00a0\u00bb#0097CD\u00a0\u00bb custom_margin=\u00a0\u00bb||10px||false|false\u00a0\u00bb][\/et_pb_heading][et_pb_text _builder_version=\u00a0\u00bb4.27.4&Prime; _module_preset=\u00a0\u00bb83bc62d1-c255-480c-9f7e-c0a2203914b1&Prime; text_text_color=\u00a0\u00bb#21467D\u00a0\u00bb global_colors_info=\u00a0\u00bb{}\u00a0\u00bb]<p><span>La prise en charge de cancers chez les enfants et les adolescents fait l\u2019objet d\u2019un encadrement sp\u00e9cifique en France. Elle est fortement structur\u00e9e depuis 2004 avec l\u2019identification d\u2019une trentaine de centres sp\u00e9cialis\u00e9s en oncologie p\u00e9diatrique. Ces derniers r\u00e9pondent \u00e0 des crit\u00e8res de qualit\u00e9 sp\u00e9cifiques et d\u2019agr\u00e9ments pour les principales th\u00e9rapeutiques. Elle s\u2019est ensuite d\u00e9velopp\u00e9e avec l\u2019identification d\u2019Organisations Interr\u00e9gionales (OIR) par l\u2019INCa en 2010 impliquant l\u2019ensemble des centres sp\u00e9cialis\u00e9s.<\/span><\/p>[\/et_pb_text][et_pb_button button_url=\u00a0\u00bbhttps:\/\/www.en-hope.org\u00a0\u00bb button_text=\u00a0\u00bbEN-HOPE\u00a0\u00bb _builder_version=\u00a0\u00bb4.27.4&Prime; _module_preset=\u00a0\u00bbd63dc9df-2a4b-45de-8d92-f5bbc73fadf6&Prime; button_text_size=\u00a0\u00bb16px\u00a0\u00bb button_bg_color=\u00a0\u00bb#0097CD\u00a0\u00bb button_border_width=\u00a0\u00bb1px\u00a0\u00bb button_icon=\u00a0\u00bb&#x54;||divi||400&Prime; box_shadow_style=\u00a0\u00bbpreset1&Prime; global_colors_info=\u00a0\u00bb{}\u00a0\u00bb][\/et_pb_button][\/et_pb_column][et_pb_column type=\u00a0\u00bb1_2&Prime; _builder_version=\u00a0\u00bb4.25.1&Prime; _module_preset=\u00a0\u00bbdefault\u00a0\u00bb global_colors_info=\u00a0\u00bb{}\u00a0\u00bb][et_pb_image src=\u00a0\u00bbhttps:\/\/www.accolade-asso.fr\/wp-content\/uploads\/2025\/07\/EN-HOPE.png\u00a0\u00bb title_text=\u00a0\u00bbEN HOPE\u00a0\u00bb _builder_version=\u00a0\u00bb4.27.4&Prime; _module_preset=\u00a0\u00bbdefault\u00a0\u00bb z_index=\u00a0\u00bb11&Prime; module_alignment=\u00a0\u00bbcenter\u00a0\u00bb custom_padding=\u00a0\u00bb10%|10%|0px|10%|false|true\u00a0\u00bb hover_enabled=\u00a0\u00bb0&Prime; border_radii=\u00a0\u00bbon|18px|18px|18px|18px\u00a0\u00bb border_width_all=\u00a0\u00bb16px\u00a0\u00bb border_color_all=\u00a0\u00bb#FFFFFF\u00a0\u00bb box_shadow_style=\u00a0\u00bbpreset1&Prime; box_shadow_color=\u00a0\u00bbrgba(0,0,0,0.11)\u00a0\u00bb global_colors_info=\u00a0\u00bb{}\u00a0\u00bb box_shadow_color__hover=\u00a0\u00bbRGBA(255,255,255,0)\u00a0\u00bb box_shadow_color__hover_enabled=\u00a0\u00bbon|hover\u00a0\u00bb transform_styles__hover_enabled=\u00a0\u00bbon|hover\u00a0\u00bb transform_scale__hover=\u00a0\u00bb99%|99%\u00a0\u00bb transform_scale__hover_enabled=\u00a0\u00bbon|hover\u00a0\u00bb transform_translate__hover_enabled=\u00a0\u00bbon|hover\u00a0\u00bb transform_rotate__hover_enabled=\u00a0\u00bbon|hover\u00a0\u00bb transform_skew__hover_enabled=\u00a0\u00bbon|hover\u00a0\u00bb transform_origin__hover_enabled=\u00a0\u00bbon|hover\u00a0\u00bb sticky_enabled=\u00a0\u00bb0&Prime;][\/et_pb_image][\/et_pb_column][\/et_pb_row][\/et_pb_section][et_pb_section fb_built=\u00a0\u00bb1&Prime; custom_padding_last_edited=\u00a0\u00bbon|desktop\u00a0\u00bb admin_label=\u00a0\u00bbLayout 6 style\u00a0\u00bb _builder_version=\u00a0\u00bb4.27.4&Prime; background_color=\u00a0\u00bb#FFFFFF\u00a0\u00bb custom_padding=\u00a0\u00bb4px||4px||true|false\u00a0\u00bb custom_padding_tablet=\u00a0\u00bb60px||60px||true|false\u00a0\u00bb custom_padding_phone=\u00a0\u00bb50px||50px||true|false\u00a0\u00bb locked=\u00a0\u00bboff\u00a0\u00bb global_colors_info=\u00a0\u00bb{}\u00a0\u00bb][et_pb_row _builder_version=\u00a0\u00bb4.27.4&Prime; _module_preset=\u00a0\u00bbdefault\u00a0\u00bb global_colors_info=\u00a0\u00bb{}\u00a0\u00bb][et_pb_column type=\u00a0\u00bb4_4&Prime; _builder_version=\u00a0\u00bb4.27.4&Prime; _module_preset=\u00a0\u00bbdefault\u00a0\u00bb global_colors_info=\u00a0\u00bb{}\u00a0\u00bb][et_pb_text _builder_version=\u00a0\u00bb4.27.4&Prime; _module_preset=\u00a0\u00bbdefault\u00a0\u00bb text_text_color=\u00a0\u00bb#000000&Prime; text_font_size=\u00a0\u00bb16px\u00a0\u00bb custom_padding=\u00a0\u00bb27px|||||\u00a0\u00bb hover_enabled=\u00a0\u00bb0&Prime; global_colors_info=\u00a0\u00bb{}\u00a0\u00bb sticky_enabled=\u00a0\u00bb0&Prime;]<p><strong>Pr\u00e9sentation<\/strong><\/p>\n<p>La prise en charge de cancers chez les enfants et les adolescents fait l\u2019objet d\u2019un encadrement sp\u00e9cifique en France. Elle est fortement structur\u00e9e depuis 2004 avec l\u2019identification d\u2019une trentaine de centres sp\u00e9cialis\u00e9s en oncologie p\u00e9diatrique. Ces derniers r\u00e9pondent \u00e0 des crit\u00e8res de qualit\u00e9 sp\u00e9cifiques et d\u2019agr\u00e9ments pour les principales th\u00e9rapeutiques. Elle s\u2019est ensuite d\u00e9velopp\u00e9e avec l\u2019identification d\u2019Organisations Interr\u00e9gionales (OIR) par l\u2019INCa en 2010 impliquant l\u2019ensemble des centres sp\u00e9cialis\u00e9s.<\/p>\n<p>Le groupe H\u00e9mato-Oncologie P\u00e9diatrique Hauts de France et Grand-Est (EN-HOPE), est une organisation interr\u00e9gionale sp\u00e9cialis\u00e9e dans la prise en charge de l\u2019enfant en h\u00e9mato-immuno-oncologie. Son objectif premier est d\u2019<strong>am\u00e9liorer la prise en charge et la qualit\u00e9 de vie de l\u2019enfant, de l\u2019adolescent et jeune adulte atteint d\u2019un cancer<\/strong>\u00a0par le biais de l\u2019am\u00e9lioration du\u00a0<strong>soin<\/strong>\u00a0de la\u00a0<strong>recherche<\/strong>\u00a0et de l\u2019<strong>enseignement<\/strong>.<\/p>\n<p>Elle regroupe\u00a0<strong>7 Centres Hospitalo-Universitaires<\/strong>\u00a0(CHU) (Lille, Amiens, Reims, Dijon, Nancy, Besan\u00e7on et Strasbourg) et\u00a0<strong>4 Centres de Lutte Contre le Cancer<\/strong>\u00a0(CLCC) (Oscar Lambret \u00e0 Lille, Alexis Vautrin \u00e0 Nancy, l\u2019ICANS \u00e0 Strasbourg et Fran\u00e7ois Leclerc \u00e0 Dijon), qui travaillent en \u00e9troite collaboration, permettant la mise en commun des savoirs, des comp\u00e9tences, des moyens financiers comme humains afin de proposer une prise en charge optimale \u00e0 ces enfants et leur famille sur notre territoire.<\/p>[\/et_pb_text][\/et_pb_column][\/et_pb_row][et_pb_row _builder_version=\u00a0\u00bb4.27.4&Prime; _module_preset=\u00a0\u00bbdefault\u00a0\u00bb column_structure=\u00a0\u00bb2_5,3_5&Prime;][et_pb_column _builder_version=\u00a0\u00bb4.27.4&Prime; _module_preset=\u00a0\u00bbdefault\u00a0\u00bb type=\u00a0\u00bb2_5&Prime;][et_pb_image src=\u00a0\u00bbhttps:\/\/www.accolade-asso.fr\/wp-content\/uploads\/2025\/07\/organisations_inter-regionales.png\u00a0\u00bb _builder_version=\u00a0\u00bb4.27.4&Prime; _module_preset=\u00a0\u00bbdefault\u00a0\u00bb title_text=\u00a0\u00bborganisations_inter-regionales\u00a0\u00bb hover_enabled=\u00a0\u00bb0&Prime; sticky_enabled=\u00a0\u00bb0&Prime;][\/et_pb_image][\/et_pb_column][et_pb_column _builder_version=\u00a0\u00bb4.27.4&Prime; _module_preset=\u00a0\u00bbdefault\u00a0\u00bb type=\u00a0\u00bb3_5&Prime;][et_pb_text _builder_version=\u00a0\u00bb4.27.4&Prime; _module_preset=\u00a0\u00bbdefault\u00a0\u00bb hover_enabled=\u00a0\u00bb0&Prime; sticky_enabled=\u00a0\u00bb0&Prime; text_font_size=\u00a0\u00bb16px\u00a0\u00bb text_text_color=\u00a0\u00bb#000000&Prime;]<div class=\"kc-elm kc-css-920453 kc-title-wrap \">\n<h5 class=\"kc_title\"><strong>Historique<\/strong><\/h5>\n<\/div>\n<div class=\"kc-elm kc-css-884944 kc_text_block\">\n<p>L\u2019organisation inter r\u00e9gionale Est -Nord <strong><em><span>E<\/span><span>N-<\/span><span>H<\/span><span>O<\/span><span>PE <\/span><\/em><\/strong>fait suite aux deux OIR cr\u00e9\u00e9es en 2009, et est reconnue en tant que telle par l\u2019INCa depuis 2020.<\/p>\n<p>L\u2019id\u00e9e \u00e9tant de r\u00e9unir les capacit\u00e9s disponibles afin de permettre, dans un domaine en constante \u00e9volution, d\u2019offrir un maximum de moyens humains et mat\u00e9riels pour une am\u00e9lioration de la qualit\u00e9 des soins. Il semblait n\u00e9cessaire que les \u00e9quipes devaient apprendre \u00e0 travailler ensemble et \u00e0 \u00e9changer r\u00e9guli\u00e8rement pour constituer, in fine, un groupe coop\u00e9ratif dans lequel les connaissances des uns et des autres seraient mises au service d\u2019un objectif commun, \u00e0 savoir un traitement efficace au plus proche de leur domicile pour l\u2019ensemble des enfants de la r\u00e9gion<\/p>\n<div class=\"kc-elm kc-css-920453 kc-title-wrap \">\n<h5 class=\"kc_title\"><strong>Les centres de l\u2019OIR<\/strong><\/h5>\n<\/div>\n<div class=\"kc-elm kc-css-884944 kc_text_block\">\n<p>Aujourd\u2019hui, en France, 30 centres sp\u00e9cialis\u00e9s en canc\u00e9rologie p\u00e9diatrique (centres de la Soci\u00e9t\u00e9 Fran\u00e7aise de lutte contre les Cancers et les leuc\u00e9mies de l\u2019Enfant et de l\u2019Adolescent) sont identifi\u00e9s et travaillent avec les \u00e9quipes de <span class=\"glossaryLink\" aria-describedby=\"tt\" data-cmtooltip=\"&lt;div class=glossaryItemTitle&gt;RADIOTH\u00c9RAPIE&lt;\/div&gt;&lt;div class=glossaryItemBody&gt;traitement qui vise \u00e0 traiter une zone pr\u00e9cise par des rayons. Apr\u00e8s rep\u00e9rage et marquage de la zone \u00e0 traiter. L&amp;#039;irradiation ne dure que quelques minutes mais l&amp;#039;installation est longue. Les s\u00e9ances s&amp;#039;\u00e9chelonnent sur plusieurs semaines.&lt;\/div&gt;\" data-mobile-support=\"0\" data-gt-translate-attributes=\"[{&quot;attribute&quot;:&quot;data-cmtooltip&quot;, &quot;format&quot;:&quot;html&quot;}]\" role=\"link\" style=\"box-sizing: border-box; border-bottom-width: 1px; border-bottom-style: dotted; border-bottom-color: #656565; text-decoration: none !important; color: #656565 !important;\" tabindex=\"0\">radioth\u00e9rapie<\/span> de plusieurs Centres de Lutte Contre le Cancer (CLCC).<br \/>Chacun d\u2019entre eux appartient \u00e0 une organisation hospitali\u00e8re interr\u00e9gionale (OIR) de recours en canc\u00e9rologie p\u00e9diatrique. Ces derni\u00e8res, au nombre de <strong>cinq<\/strong>, ont pour objectif de garantir l\u2019\u00e9quit\u00e9 d\u2019acc\u00e8s aux soins sur le territoire pour tous les patients jusque 25 ans. L\u2019OIR <strong><span>E<\/span><span>N-<\/span><span>H<\/span><span>O<\/span><span>PE <\/span><\/strong>est l\u2019une d\u2019entre elles.<\/p>\n<\/div>\n<p>&nbsp;<\/p>\n<\/div>[\/et_pb_text][et_pb_button button_text=\u00a0\u00bb+ de d\u00e9tails sur les centres EN-HOPE\u00a0\u00bb _builder_version=\u00a0\u00bb4.27.4&Prime; _module_preset=\u00a0\u00bbdefault\u00a0\u00bb button_url=\u00a0\u00bbhttps:\/\/www.en-hope.org\/?page_id=165&Prime; hover_enabled=\u00a0\u00bb0&Prime; sticky_enabled=\u00a0\u00bb0&Prime;][\/et_pb_button][\/et_pb_column][\/et_pb_row][\/et_pb_section]\n","protected":false},"excerpt":{"rendered":"<p>La prise en charge de cancers chez les enfants et les adolescents fait l\u2019objet d\u2019un encadrement sp\u00e9cifique en France. Elle est fortement structur\u00e9e depuis 2004 avec l\u2019identification d\u2019une trentaine de centres sp\u00e9cialis\u00e9s en oncologie p\u00e9diatrique. Ces derniers r\u00e9pondent \u00e0 des crit\u00e8res de qualit\u00e9 sp\u00e9cifiques et d\u2019agr\u00e9ments pour les principales th\u00e9rapeutiques. Elle s\u2019est ensuite d\u00e9velopp\u00e9e avec [&hellip;]<\/p>\n","protected":false},"author":1,"featured_media":0,"parent":0,"menu_order":0,"comment_status":"closed","ping_status":"closed","template":"","meta":{"_et_pb_use_builder":"on","_et_pb_old_content":"","_et_gb_content_width":"","_monsterinsights_skip_tracking":false,"_monsterinsights_sitenote_active":false,"_monsterinsights_sitenote_note":"","_monsterinsights_sitenote_category":0,"footnotes":""},"class_list":["post-987582588","page","type-page","status-publish","hentry"],"_links":{"self":[{"href":"https:\/\/www.accolade-asso.fr\/index.php\/wp-json\/wp\/v2\/pages\/987582588","targetHints":{"allow":["GET"]}}],"collection":[{"href":"https:\/\/www.accolade-asso.fr\/index.php\/wp-json\/wp\/v2\/pages"}],"about":[{"href":"https:\/\/www.accolade-asso.fr\/index.php\/wp-json\/wp\/v2\/types\/page"}],"author":[{"embeddable":true,"href":"https:\/\/www.accolade-asso.fr\/index.php\/wp-json\/wp\/v2\/users\/1"}],"replies":[{"embeddable":true,"href":"https:\/\/www.accolade-asso.fr\/index.php\/wp-json\/wp\/v2\/comments?post=987582588"}],"version-history":[{"count":5,"href":"https:\/\/www.accolade-asso.fr\/index.php\/wp-json\/wp\/v2\/pages\/987582588\/revisions"}],"predecessor-version":[{"id":987582598,"href":"https:\/\/www.accolade-asso.fr\/index.php\/wp-json\/wp\/v2\/pages\/987582588\/revisions\/987582598"}],"wp:attachment":[{"href":"https:\/\/www.accolade-asso.fr\/index.php\/wp-json\/wp\/v2\/media?parent=987582588"}],"curies":[{"name":"wp","href":"https:\/\/api.w.org\/{rel}","templated":true}]}}