{"id":375,"date":"2020-03-26T14:02:19","date_gmt":"2020-03-26T13:02:19","guid":{"rendered":"https:\/\/www.accolade-asso.fr\/?page_id=375"},"modified":"2025-07-30T19:15:00","modified_gmt":"2025-07-30T17:15:00","slug":"sen","status":"publish","type":"page","link":"https:\/\/www.accolade-asso.fr\/index.php\/sen\/","title":{"rendered":"SEN"},"content":{"rendered":"<p>[et_pb_section fb_built=\u00a0\u00bb1&Prime; fullwidth=\u00a0\u00bbon\u00a0\u00bb _builder_version=\u00a0\u00bb4.27.4&Prime; _module_preset=\u00a0\u00bbdefault\u00a0\u00bb background_color=\u00a0\u00bbRGBA(255,255,255,0)\u00a0\u00bb background_image=\u00a0\u00bbhttps:\/\/www.accolade-asso.fr\/wp-content\/uploads\/2025\/07\/SEN-4.png\u00a0\u00bb min_height=\u00a0\u00bb675px\u00a0\u00bb height=\u00a0\u00bb675px\u00a0\u00bb max_height=\u00a0\u00bb675px\u00a0\u00bb custom_margin=\u00a0\u00bb||15px||false|false\u00a0\u00bb custom_padding=\u00a0\u00bb0px||0px||false|false\u00a0\u00bb global_colors_info=\u00a0\u00bb{}\u00a0\u00bb][et_pb_fullwidth_slider _builder_version=\u00a0\u00bb4.27.4&Prime; _module_preset=\u00a0\u00bbdefault\u00a0\u00bb background_image=\u00a0\u00bbhttps:\/\/www.accolade-asso.fr\/wp-content\/uploads\/2025\/07\/SEN-4.png\u00a0\u00bb global_colors_info=\u00a0\u00bb{}\u00a0\u00bb][\/et_pb_fullwidth_slider][\/et_pb_section][et_pb_section fb_built=\u00a0\u00bb1&Prime; prev_background_color=\u00a0\u00bbRGBA(255,255,255,0)\u00a0\u00bb next_background_color=\u00a0\u00bb#FFCF66&Prime; _builder_version=\u00a0\u00bb4.16&Prime; _module_preset=\u00a0\u00bbdefault\u00a0\u00bb background_color=\u00a0\u00bbrgba(12,113,195,0.11)\u00a0\u00bb overflow-x=\u00a0\u00bbhidden\u00a0\u00bb overflow-y=\u00a0\u00bbhidden\u00a0\u00bb custom_margin=\u00a0\u00bb-16px|||||\u00a0\u00bb top_divider_style=\u00a0\u00bbarrow2&Prime; top_divider_height=\u00a0\u00bb27px\u00a0\u00bb top_divider_repeat=\u00a0\u00bb12x\u00a0\u00bb bottom_divider_style=\u00a0\u00bbwaves\u00a0\u00bb locked=\u00a0\u00bboff\u00a0\u00bb global_colors_info=\u00a0\u00bb{}\u00a0\u00bb][et_pb_row column_structure=\u00a0\u00bb1_2,1_2&Prime; _builder_version=\u00a0\u00bb4.27.4&Prime; _module_preset=\u00a0\u00bbdefault\u00a0\u00bb global_colors_info=\u00a0\u00bb{}\u00a0\u00bb][et_pb_column type=\u00a0\u00bb1_2&Prime; _builder_version=\u00a0\u00bb4.27.4&Prime; _module_preset=\u00a0\u00bbdefault\u00a0\u00bb global_colors_info=\u00a0\u00bb{}\u00a0\u00bb][dnxte_floating_element _builder_version=\u00a0\u00bb4.27.4&Prime; _module_preset=\u00a0\u00bbdefault\u00a0\u00bb global_colors_info=\u00a0\u00bb{}\u00a0\u00bb][dnxte_floating_element_child floting_shape_image=\u00a0\u00bbhttps:\/\/www.accolade-asso.fr\/wp-content\/uploads\/2025\/07\/kidcat-10th.webp\u00a0\u00bb dnxte_floting_shape_default_effects=\u00a0\u00bbsix\u00a0\u00bb dnxte_floting_shape_effects_horizontal=\u00a0\u00bb6rem\u00a0\u00bb _builder_version=\u00a0\u00bb4.27.4&Prime; _module_preset=\u00a0\u00bbdefault\u00a0\u00bb global_colors_info=\u00a0\u00bb{}\u00a0\u00bb][\/dnxte_floating_element_child][\/dnxte_floating_element][\/et_pb_column][et_pb_column type=\u00a0\u00bb1_2&Prime; _builder_version=\u00a0\u00bb4.27.4&Prime; _module_preset=\u00a0\u00bbdefault\u00a0\u00bb global_colors_info=\u00a0\u00bb{}\u00a0\u00bb][et_pb_text _builder_version=\u00a0\u00bb4.27.4&Prime; _module_preset=\u00a0\u00bbdefault\u00a0\u00bb text_font=\u00a0\u00bbFredoka One||||||||\u00a0\u00bb text_text_color=\u00a0\u00bb#f47269&Prime; text_font_size=\u00a0\u00bb50px\u00a0\u00bb custom_margin=\u00a0\u00bb45px||||false|false\u00a0\u00bb global_colors_info=\u00a0\u00bb{}\u00a0\u00bb]<\/p>\n<p style=\"text-align: center;\">Le 1er septembre 2025<\/p>\n<p>[\/et_pb_text][et_pb_text _builder_version=\u00a0\u00bb4.27.4&Prime; _module_preset=\u00a0\u00bbdefault\u00a0\u00bb text_font=\u00a0\u00bbFredoka One||||||||\u00a0\u00bb text_text_color=\u00a0\u00bb#52da97&Prime; text_font_size=\u00a0\u00bb50px\u00a0\u00bb text_letter_spacing=\u00a0\u00bb1px\u00a0\u00bb custom_margin=\u00a0\u00bb39px||||false|false\u00a0\u00bb global_colors_info=\u00a0\u00bb{}\u00a0\u00bb]<\/p>\n<p style=\"text-align: center;\">L&rsquo;ascension continue !<\/p>\n<p>[\/et_pb_text][et_pb_text _builder_version=\u00a0\u00bb4.27.4&Prime; _module_preset=\u00a0\u00bbdefault\u00a0\u00bb text_text_color=\u00a0\u00bb#04034d\u00a0\u00bb text_font_size=\u00a0\u00bb17px\u00a0\u00bb text_orientation=\u00a0\u00bbjustified\u00a0\u00bb width=\u00a0\u00bb100%\u00a0\u00bb custom_padding=\u00a0\u00bb20px|||||\u00a0\u00bb global_colors_info=\u00a0\u00bb{}\u00a0\u00bb]<\/p>\n<p>Pour cette 10<sup>e<\/sup> \u00e9dition, KidCat vous invite \u00e0 gravir une nouvelle \u00e9tape collective. D\u00e8s aujourd\u2019hui, r\u00e9cup\u00e9rez ou cr\u00e9ez votre compte et <strong>rejoignez l&rsquo;\u00e9quipe d&rsquo;ACCOLADE<\/strong> pour \u00eatre pr\u00eats au lancement !<\/p>\n<p>[\/et_pb_text][dnxte_button button_text=\u00a0\u00bbMon compte\u00a0\u00bb button_link=\u00a0\u00bbhttps:\/\/septembreenor.centreoscarlambret.fr\/compte\u00a0\u00bb dnxt_button_alignment=\u00a0\u00bbcenter\u00a0\u00bb btn_icon=\u00a0\u00bb&#xf2f2;||fa||900&Prime; btn_icon_color=\u00a0\u00bb#FFFFFF\u00a0\u00bb dnxt_hover_2d=\u00a0\u00bbdnxt-hover-bounce-in\u00a0\u00bb dnxt_hover_bg_color=\u00a0\u00bb#E65284&Prime; _builder_version=\u00a0\u00bb4.27.4&Prime; _module_preset=\u00a0\u00bbdefault\u00a0\u00bb btn_fonts_text_color=\u00a0\u00bb#FFFFFF\u00a0\u00bb background_color=\u00a0\u00bb#f47269&Prime; custom_margin=\u00a0\u00bb26px||||false|false\u00a0\u00bb border_radii_btn_border=\u00a0\u00bbon|39px|39px|39px|39px\u00a0\u00bb box_shadow_style=\u00a0\u00bbpreset1&Prime; global_colors_info=\u00a0\u00bb{}\u00a0\u00bb][\/dnxte_button][\/et_pb_column][\/et_pb_row][\/et_pb_section][et_pb_section fb_built=\u00a0\u00bb1&Prime; _builder_version=\u00a0\u00bb4.27.4&Prime; background_color=\u00a0\u00bb#FFCF66&Prime; min_height=\u00a0\u00bb901.8px\u00a0\u00bb custom_margin=\u00a0\u00bb0px||0px||false|false\u00a0\u00bb custom_padding=\u00a0\u00bb0px||0px||false|false\u00a0\u00bb bottom_divider_color=\u00a0\u00bbrgba(50,108,172,0.28)\u00a0\u00bb global_colors_info=\u00a0\u00bb{}\u00a0\u00bb][et_pb_row column_structure=\u00a0\u00bb3_4,1_4&Prime; _builder_version=\u00a0\u00bb4.16&Prime; custom_padding=\u00a0\u00bb||0px|||\u00a0\u00bb global_colors_info=\u00a0\u00bb{}\u00a0\u00bb][et_pb_column type=\u00a0\u00bb3_4&Prime; _builder_version=\u00a0\u00bb4.16&Prime; global_colors_info=\u00a0\u00bb{}\u00a0\u00bb][et_pb_cta title=\u00a0\u00bbSeptembre en Or, mois international des cancers de l&rsquo;enfant\u00a0\u00bb button_text=\u00a0\u00bbClics\u00a0\u00bb _builder_version=\u00a0\u00bb4.27.4&Prime; header_font=\u00a0\u00bbFredoka One||||||||\u00a0\u00bb header_font_size=\u00a0\u00bb26px\u00a0\u00bb body_text_color=\u00a0\u00bb#000000&Prime; body_font_size=\u00a0\u00bb16px\u00a0\u00bb background_color=\u00a0\u00bb#FFCF66&Prime; custom_padding=\u00a0\u00bb||0px|||\u00a0\u00bb border_radii=\u00a0\u00bbon|22px|22px|22px|22px\u00a0\u00bb global_colors_info=\u00a0\u00bb{}\u00a0\u00bb]<\/p>\n<div class=\"text\">\n<div class=\"content-sticky-js\">\n<div class=\"row\">\n<div class=\"small-12 medium-6 large-5 columns stiky-image-js\" style=\"top: 680px;\">\n<div class=\"text\">\n<p style=\"text-align: left;\">Centre de r\u00e9f\u00e9rence dans le traitement des tumeurs solides p\u00e9diatriques, les \u00e9quipes m\u00e9dicales et param\u00e9dicales du Centre Oscar Lambret suivent, chaque ann\u00e9e, 1 200 enfants, adolescents et jeunes adultes des hauts-de-france atteints de cancer<\/p>\n<p style=\"text-align: left;\">Nos jeunes patients repoussent chaque jour leurs limites face \u00e0 la maladie. A l\u2019occasion de Septembre en Or, mois international des cancers de l\u2019enfant, offrons-leur une mobilisation elle aussi sans limites !<\/p>\n<p style=\"text-align: left;\"><span style=\"color: #ffffff;\"><strong>Offrons \u00e0 nos jeunes patients une mobilisation sans limites<\/strong><\/span><\/p>\n<\/div>\n<\/div>\n<div class=\"small-12 medium-6 large-offset-1 large-6 columns stiky-ref-js\">\n<div class=\"text\">\n<p style=\"text-align: left;\">Chaque jour, nos jeunes patients repoussent leurs limites face \u00e0 la maladie. Ce sont de v\u00e9ritables super-h\u00e9ros. Ils nous donnent des le\u00e7ons de vie incroyables et l\u2019envie de tout faire pour les accompagner dans cette bataille pour la vie. Septembre en Or est l\u2019occasion de marquer notre mobilisation et de repousser nos limites, collectivement, pour leur montrer notre soutien.<\/p>\n<p style=\"text-align: left;\">Gr\u00e2ce au dynamisme de la recherche en canc\u00e9rologie, de nombreuses tumeurs p\u00e9diatriques font l\u2019objet d\u2019\u00e9tudes cliniques. Au Centre Oscar Lambret, 70% des patients de moins de 18 ans b\u00e9n\u00e9ficient de ces \u00e9tudes.<\/p>\n<p style=\"text-align: left;\"><span style=\"color: #ffffff;\"><strong>Nos \u00e9quipes s\u2019engagent \u00e0 :<\/strong><\/span><\/p>\n<ul style=\"text-align: left;\">\n<li><strong>Une prise en charge globale et personnalis\u00e9e,<\/strong> pour leur assurer une meilleure qualit\u00e9 de vie pendant et apr\u00e8s les traitements.<\/li>\n<\/ul>\n<ul>\n<li style=\"text-align: left;\"><strong>Prendre en charge tous les patients de notre r\u00e9gion :<\/strong> chaque ann\u00e9e, pr\u00e8s de <strong>1 200 enfants, adolescents et jeunes adultes<\/strong> sont suivis par les \u00e9quipes du Centre pour une tumeur solide p\u00e9diatrique.<\/li>\n<\/ul>\n<p><strong><a class=\"primary\" href=\"https:\/\/www.centreoscarlambret.fr\/cancers-pediatriques\" target=\"_blank\" rel=\"noopener\">\u203a <u>En savoir plus sur la prise en charge des cancers p\u00e9diatriques au Centre Oscar Lambret<\/u><\/a><\/strong><\/p>\n<p>&nbsp;<\/p>\n<\/div>\n<\/div>\n<\/div>\n<\/div>\n<\/div>\n<p>[\/et_pb_cta][\/et_pb_column][et_pb_column type=\u00a0\u00bb1_4&Prime; _builder_version=\u00a0\u00bb4.16&Prime; global_colors_info=\u00a0\u00bb{}\u00a0\u00bb][dnxte_3dcubeslider_parent _builder_version=\u00a0\u00bb4.27.4&Prime; _module_preset=\u00a0\u00bbdefault\u00a0\u00bb hover_enabled=\u00a0\u00bb0&Prime; sticky_enabled=\u00a0\u00bb0&Prime;][dnxte_3dcubeslider_child cubeslider_image=\u00a0\u00bbhttps:\/\/www.accolade-asso.fr\/wp-content\/uploads\/2025\/07\/Declinaison_RS_SetZnOr_20244-scaled.jpg\u00a0\u00bb _builder_version=\u00a0\u00bb4.27.4&Prime; _module_preset=\u00a0\u00bbdefault\u00a0\u00bb title_text=\u00a0\u00bbD\u00e9clinaison_RS_SetZnOr_20244&Prime; hover_enabled=\u00a0\u00bb0&Prime; sticky_enabled=\u00a0\u00bb0&Prime;][\/dnxte_3dcubeslider_child][dnxte_3dcubeslider_child cubeslider_image=\u00a0\u00bbhttps:\/\/www.accolade-asso.fr\/wp-content\/uploads\/2025\/07\/Declinaison_RS_SetZnOr_20242-1-scaled.jpg\u00a0\u00bb _builder_version=\u00a0\u00bb4.27.4&Prime; _module_preset=\u00a0\u00bbdefault\u00a0\u00bb title_text=\u00a0\u00bbD\u00e9clinaison_RS_SetZnOr_20242&Prime; hover_enabled=\u00a0\u00bb0&Prime; sticky_enabled=\u00a0\u00bb0&Prime;][\/dnxte_3dcubeslider_child][dnxte_3dcubeslider_child cubeslider_image=\u00a0\u00bbhttps:\/\/www.accolade-asso.fr\/wp-content\/uploads\/2025\/07\/Declinaison_RS_SetZnOr_20245-copie-1-scaled.jpg\u00a0\u00bb _builder_version=\u00a0\u00bb4.27.4&Prime; _module_preset=\u00a0\u00bbdefault\u00a0\u00bb title_text=\u00a0\u00bbD\u00e9clinaison_RS_SetZnOr_20245 copie\u00a0\u00bb hover_enabled=\u00a0\u00bb0&Prime; sticky_enabled=\u00a0\u00bb0&Prime;][\/dnxte_3dcubeslider_child][dnxte_3dcubeslider_child cubeslider_image=\u00a0\u00bbhttps:\/\/www.accolade-asso.fr\/wp-content\/uploads\/2025\/07\/Declinaison_RS_SetZnOr_20243-scaled.jpg\u00a0\u00bb _builder_version=\u00a0\u00bb4.27.4&Prime; _module_preset=\u00a0\u00bbdefault\u00a0\u00bb title_text=\u00a0\u00bbD\u00e9clinaison_RS_SetZnOr_20243&Prime; hover_enabled=\u00a0\u00bb0&Prime; sticky_enabled=\u00a0\u00bb0&Prime;][\/dnxte_3dcubeslider_child][\/dnxte_3dcubeslider_parent][dnxte_floating_element _builder_version=\u00a0\u00bb4.27.4&Prime; _module_preset=\u00a0\u00bbdefault\u00a0\u00bb global_colors_info=\u00a0\u00bb{}\u00a0\u00bb][dnxte_floating_element_child floting_shape_image=\u00a0\u00bbhttps:\/\/www.accolade-asso.fr\/wp-content\/uploads\/2025\/07\/2023.webp\u00a0\u00bb dnxte_floting_shape_default_effects=\u00a0\u00bbfour\u00a0\u00bb dnxte_floting_shape_effects_horizontal=\u00a0\u00bb6rem\u00a0\u00bb dnxte_floting_shape_effects_vertical=\u00a0\u00bb6rem\u00a0\u00bb _builder_version=\u00a0\u00bb4.27.4&Prime; _module_preset=\u00a0\u00bbdefault\u00a0\u00bb global_colors_info=\u00a0\u00bb{}\u00a0\u00bb][\/dnxte_floating_element_child][\/dnxte_floating_element][\/et_pb_column][\/et_pb_row][\/et_pb_section][et_pb_section fb_built=\u00a0\u00bb1&Prime; prev_background_color=\u00a0\u00bb#FFCF66&Prime; _builder_version=\u00a0\u00bb4.27.4&Prime; _module_preset=\u00a0\u00bbdefault\u00a0\u00bb background_color=\u00a0\u00bbrgba(50,108,172,0.28)\u00a0\u00bb custom_padding=\u00a0\u00bb118px||0px|||\u00a0\u00bb top_divider_style=\u00a0\u00bbwaves\u00a0\u00bb global_colors_info=\u00a0\u00bb{}\u00a0\u00bb][et_pb_row _builder_version=\u00a0\u00bb4.27.4&Prime; _module_preset=\u00a0\u00bbdefault\u00a0\u00bb custom_padding=\u00a0\u00bb39px||21px|||\u00a0\u00bb global_colors_info=\u00a0\u00bb{}\u00a0\u00bb][et_pb_column type=\u00a0\u00bb4_4&Prime; _builder_version=\u00a0\u00bb4.27.4&Prime; _module_preset=\u00a0\u00bbdefault\u00a0\u00bb global_colors_info=\u00a0\u00bb{}\u00a0\u00bb][et_pb_text _builder_version=\u00a0\u00bb4.27.4&Prime; _module_preset=\u00a0\u00bbdefault\u00a0\u00bb text_font=\u00a0\u00bbFredoka One||||||||\u00a0\u00bb text_text_color=\u00a0\u00bb#212F7E\u00a0\u00bb text_font_size=\u00a0\u00bb36px\u00a0\u00bb global_colors_info=\u00a0\u00bb{}\u00a0\u00bb]<\/p>\n<p>Une s\u00e9rie d&rsquo;\u00e9v\u00e8nements tout au long du mois de septembre !<\/p>\n<p>[\/et_pb_text][\/et_pb_column][\/et_pb_row][et_pb_row _builder_version=\u00a0\u00bb4.27.4&Prime; _module_preset=\u00a0\u00bbdefault\u00a0\u00bb custom_padding=\u00a0\u00bb8px|||||\u00a0\u00bb global_colors_info=\u00a0\u00bb{}\u00a0\u00bb][et_pb_column type=\u00a0\u00bb4_4&Prime; _builder_version=\u00a0\u00bb4.27.4&Prime; _module_preset=\u00a0\u00bbdefault\u00a0\u00bb global_colors_info=\u00a0\u00bb{}\u00a0\u00bb][dnxte_masonary gallery_ids=\u00a0\u00bb987582535,1278,987582534,987582533,987582311,247562,1277,1302,1283,960,462&Prime; dnxte_masonry_hvr_effect=\u00a0\u00bbpush-up\u00a0\u00bb hover_icon=\u00a0\u00bb&#x31;||divi||400&Prime; dnxte_icon_size=\u00a0\u00bb66&Prime; dnxte_msnary_overlay_bg_color=\u00a0\u00bbrgba(255,207,102,0.9)\u00a0\u00bb dnxte_lightbox_overlay_bg_color=\u00a0\u00bb#FFFFFF\u00a0\u00bb _builder_version=\u00a0\u00bb4.27.4&Prime; _module_preset=\u00a0\u00bbdefault\u00a0\u00bb custom_padding=\u00a0\u00bb36px|||||\u00a0\u00bb border_width_all_image=\u00a0\u00bb1px\u00a0\u00bb border_color_all_image=\u00a0\u00bb#FFCF66&Prime; global_colors_info=\u00a0\u00bb{}\u00a0\u00bb][\/dnxte_masonary][\/et_pb_column][\/et_pb_row][\/et_pb_section]<\/p>\n","protected":false},"excerpt":{"rendered":"<p><div class=\"et_pb_module dnxte_floating_element dnxte_floating_element_0\">\n\t\t\t\t\n\t\t\t\t\n\t\t\t\t\n\t\t\t\t\n\t\t\t\t\n\t\t\t\t\n\t\t\t\t<div class=\"et_pb_module_inner\">\n\t\t\t\t\t<div class=\"dnxte-floatimg-wrapper\"><div class=\"et_pb_module dnxte_floating_element_child dnxte_floating_element_child_0\">\n\t\t\t\t\n\t\t\t\t\n\t\t\t\t\n\t\t\t\t\n\t\t\t\t\n\t\t\t\t\n\t\t\t\t<div class=\"et_pb_module_inner\">\n\t\t\t\t\t<img loading=\"lazy\" decoding=\"async\" width=\"500\" height=\"506\" class=\"dnxte-fltshape-six dnxte-floting-image wp-image-987582345\" src=\"https:\/\/www.accolade-asso.fr\/wp-content\/uploads\/2025\/07\/kidcat-10th.webp\" alt=\"Floating Item\" srcset=\"https:\/\/www.accolade-asso.fr\/wp-content\/uploads\/2025\/07\/kidcat-10th.webp 500w, https:\/\/www.accolade-asso.fr\/wp-content\/uploads\/2025\/07\/kidcat-10th-480x486.webp 480w\" sizes=\"(min-width: 0px) and (max-width: 480px) 480px, (min-width: 481px) 500px, 100vw\" \/>\n\t\t\t\t<\/div>\n\t\t\t<\/div><\/div>\n\t\t\t\t<\/div>\n\t\t\t<\/div>Le 1er septembre 2025L&rsquo;ascension continue !Pour cette 10e \u00e9dition, KidCat vous invite \u00e0 gravir une nouvelle \u00e9tape collective. D\u00e8s aujourd\u2019hui, r\u00e9cup\u00e9rez ou cr\u00e9ez votre compte et rejoignez l&rsquo;\u00e9quipe d&rsquo;ACCOLADE pour \u00eatre pr\u00eats au lancement !<div class=\"et_pb_module dnxte_button dnxte_button_0\">\n\t\t\t\t\n\t\t\t\t\n\t\t\t\t\n\t\t\t\t\n\t\t\t\t\n\t\t\t\t\n\t\t\t\t<div class=\"et_pb_module_inner\">\n\t\t\t\t\t<div class=\"dnxt-button-wrapper dnxt_button_alignment_\u00bbcenter\">\n\t\t\t\t<a class=\"dnxt-btn-icon \u00bbdnxt-hover-bounce-in    \" href=\"\" target=\"_self\">\u00bbMon<i class=\"\"><\/i><\/a>\n\t\t\t<\/div>\n\t\t\t\t<\/div>\n\t\t\t<\/div><\/p>\n","protected":false},"author":1,"featured_media":0,"parent":0,"menu_order":0,"comment_status":"closed","ping_status":"closed","template":"","meta":{"_et_pb_use_builder":"on","_et_pb_old_content":"","_et_gb_content_width":"","_monsterinsights_skip_tracking":false,"_monsterinsights_sitenote_active":false,"_monsterinsights_sitenote_note":"","_monsterinsights_sitenote_category":0,"footnotes":""},"class_list":["post-375","page","type-page","status-publish","hentry"],"_links":{"self":[{"href":"https:\/\/www.accolade-asso.fr\/index.php\/wp-json\/wp\/v2\/pages\/375","targetHints":{"allow":["GET"]}}],"collection":[{"href":"https:\/\/www.accolade-asso.fr\/index.php\/wp-json\/wp\/v2\/pages"}],"about":[{"href":"https:\/\/www.accolade-asso.fr\/index.php\/wp-json\/wp\/v2\/types\/page"}],"author":[{"embeddable":true,"href":"https:\/\/www.accolade-asso.fr\/index.php\/wp-json\/wp\/v2\/users\/1"}],"replies":[{"embeddable":true,"href":"https:\/\/www.accolade-asso.fr\/index.php\/wp-json\/wp\/v2\/comments?post=375"}],"version-history":[{"count":29,"href":"https:\/\/www.accolade-asso.fr\/index.php\/wp-json\/wp\/v2\/pages\/375\/revisions"}],"predecessor-version":[{"id":987582602,"href":"https:\/\/www.accolade-asso.fr\/index.php\/wp-json\/wp\/v2\/pages\/375\/revisions\/987582602"}],"wp:attachment":[{"href":"https:\/\/www.accolade-asso.fr\/index.php\/wp-json\/wp\/v2\/media?parent=375"}],"curies":[{"name":"wp","href":"https:\/\/api.w.org\/{rel}","templated":true}]}}