{"id":3,"date":"2020-03-19T14:15:18","date_gmt":"2020-03-19T13:15:18","guid":{"rendered":"http:\/\/www.accolade-asso.fr\/?page_id=3"},"modified":"2021-05-05T10:54:53","modified_gmt":"2021-05-05T08:54:53","slug":"politique-de-confidentialite","status":"publish","type":"page","link":"https:\/\/www.accolade-asso.fr\/index.php\/politique-de-confidentialite\/","title":{"rendered":"Politique de confidentialit\u00e9"},"content":{"rendered":"[et_pb_section fb_built=\u00a0\u00bb1&Prime; admin_label=\u00a0\u00bbsection\u00a0\u00bb _builder_version=\u00a0\u00bb3.22&Prime;][et_pb_row admin_label=\u00a0\u00bbrow\u00a0\u00bb _builder_version=\u00a0\u00bb3.25&Prime; background_size=\u00a0\u00bbinitial\u00a0\u00bb background_position=\u00a0\u00bbtop_left\u00a0\u00bb background_repeat=\u00a0\u00bbrepeat\u00a0\u00bb][et_pb_column type=\u00a0\u00bb4_4&Prime; _builder_version=\u00a0\u00bb3.25&Prime; custom_padding=\u00a0\u00bb|||\u00a0\u00bb custom_padding__hover=\u00a0\u00bb|||\u00a0\u00bb][et_pb_text admin_label=\u00a0\u00bbText\u00a0\u00bb _builder_version=\u00a0\u00bb3.27.4&Prime; background_size=\u00a0\u00bbinitial\u00a0\u00bb background_position=\u00a0\u00bbtop_left\u00a0\u00bb background_repeat=\u00a0\u00bbrepeat\u00a0\u00bb inline_fonts=\u00a0\u00bbCourgette,Concert One,Boogaloo,Artifika\u00a0\u00bb]<p><\/p>\n<p>&nbsp;<\/p>\n<h2 class=\"wp-block-heading\"><span style=\"color: #212f7e; font-family: 'Concert One'; font-weight: normal; font-size: x-large;\"><strong>Qui sommes-nous\u00a0?<\/strong><\/span><\/h2>\n<p>\u00a0<span style=\"color: #0097cd; font-family: Courgette; font-size: large;\">Accolade est une association loi 1901 cr\u00e9\u00e9e le 7 juin 2014. Son but est de regrouper toutes personnes physiques ou morales s&rsquo;int\u00e9ressant aux probl\u00e8mes pos\u00e9s par les cancers de l&rsquo;enfant, de l&rsquo;adolescent, du jeune adulte et de leur devenir d&rsquo;adulte.\u00a0<\/span><\/p>\n<p><span style=\"font-size: large; color: #0097cd; font-family: Courgette; font-weight: normal;\">Il s&rsquo;agit de contribuer \u00e0 la prise en charge globale de l&rsquo;enfant, du jeune adulte et de la famille au sein du service onco- p\u00e9diatrie du Centre r\u00e9gional Oscar Lambret \u00e0 Lille.<\/span><br \/><span style=\"font-size: large; color: #0097cd; font-family: Courgette; font-weight: normal;\"><br \/>Si\u00e8ge social : 9, rue Mozart, 59229 T\u00e9teghem.<br \/>L\u2019adresse de notre site Web est\u00a0: <a href=\"https:\/\/www.accolade-asso.fr\">https:\/\/www.accolade-asso.fr<\/a>.<\/span><\/p>\n<p>\u00a0<br \/><span style=\"color: #212f7e; font-family: 'Concert One'; font-size: 26px;\">RESPONSABLE \u00c9DITORIAL<\/span><\/p>\n<h2><span style=\"font-size: large; color: #0097cd; font-family: Courgette; font-weight: normal;\">Monsieur Sezille David et Weber Antoine, Co-Pr\u00e9sident de l\u2019association Accolade\u2013Parce que le cancer touche aussi les enfants \u2013 <a href=\"mailto:contact@accolade-asso.fr\">contact@accolade-asso.fr<\/a><\/span><\/h2>\n<p>\u00a0<br \/><span style=\"color: #212f7e; font-family: 'Concert One'; font-size: 26px;\">CONFIDENTIALIT\u00c9 ET DONN\u00c9ES PERSONNELLES<\/span><\/p>\n<p><span style=\"color: #0097cd; font-family: Courgette; font-size: large;\">Les informations recueillies vous concernant font l\u2019objet d\u2019un traitement par l&rsquo;association\u00a0<\/span><a href=\"https:\/\/imagineformargo.org\/mentions-legales\/contact@imagineformargo.org\" style=\"font-family: Courgette; font-size: large;\">contact@accolade-asso.fr\u00a0<\/a><\/p>\n<p><span style=\"color: #0097cd; font-family: Courgette; font-weight: normal; font-size: large;\">Les destinataires de ces donn\u00e9es sont : l\u2019association Accolade- Parce que le cancer touche aussi les enfants.<br \/><\/span><span style=\"color: #0097cd; font-family: Courgette; font-size: large;\">La dur\u00e9e de conservation des donn\u00e9es est de 10 ans.<\/span><\/p>\n<p>\u00a0<br \/><span style=\"color: #212f7e; font-family: Boogaloo; font-size: x-large;\">Respect des lois en vigueur<\/span><span style=\"font-size: 14px;\">\u00a0<\/span><\/p>\n<ul>\n<li>\n<p><span style=\"color: #0097cd; font-family: Courgette; font-size: large;\">Accolade- Parce que le cancer touche aussi les enfants se conforme strictement aux lois en vigueur sur la protection et la confidentialit\u00e9 des donn\u00e9es personnelles qui lui sont transmises. Aucune information personnelle n\u2019est collect\u00e9e \u00e0 votre insu. Aucune information personnelle n\u2019est c\u00e9d\u00e9e \u00e0 des tiers. Les courriels, les adresses \u00e9lectroniques ou autres informations nominatives dont ce site est destinataire ne font l\u2019objet d\u2019aucune exploitation et ne sont conserv\u00e9s que pour la dur\u00e9e n\u00e9cessaire \u00e0 leur traitement.<\/span><\/p>\n<\/li>\n<\/ul>\n<ul>\n<li>\n<h5><span style=\"font-family: Boogaloo; font-weight: normal; color: #212f7e; font-size: x-large;\">Droit des internautes : droit d\u2019acc\u00e8s, de rectification et d\u2019effacement<\/span><\/h5>\n<p><span style=\"color: #0097cd; font-family: Courgette; font-size: large;\">Conform\u00e9ment \u00e0 la r\u00e9glementation en vigueur, les utilisateurs disposent d\u2019un droit d\u2019acc\u00e8s, de rectification, de portabilit\u00e9 et d\u2019effacement des donn\u00e9es qui les concernent.\u00a0<\/span><span style=\"color: #0097cd; font-family: Courgette; font-size: large;\">Vous pouvez vous opposer au traitement des donn\u00e9es vous concernant et disposez du droit de retirer votre consentement \u00e0 tout moment en vous adressant \u00e0 <\/span><a href=\"mailto:contact@imagineformargo.org\" style=\"font-family: Courgette; font-size: large;\">contact@accolade-asso.fr<\/a><\/p>\n<p><span style=\"color: #0097cd; font-family: Courgette; font-size: large;\">Vous avez la possibilit\u00e9 d\u2019introduire une r\u00e9clamation aupr\u00e8s d\u2019une autorit\u00e9 de contr\u00f4le. En France, cette autorit\u00e9 est la Commission Nationale de l\u2019Informatique et des Libert\u00e9s (CNIL) 3, place de Fontenoy \u2013 75007 Paris.<br \/><\/span><\/p>\n<\/li>\n<\/ul>\n<p>\u00a0<span style=\"color: #212f7e; font-family: Boogaloo; font-size: x-large;\">Champ d\u2019application<\/span><\/p>\n<p><span style=\"color: #0097cd; font-family: Courgette; font-size: large;\">Les pr\u00e9sentes mentions l\u00e9gales ne s\u2019appliquent qu\u2019aux donn\u00e9es collect\u00e9es sur le site d\u2019Accolade-parce que le cancer touche aussi les enfants. Si ce dernier contient des liens vers d\u2019autres sites, Accolade n\u2019exerce aucun contr\u00f4le ni aucune influence sur les polices de protection des autres sites. Nous encourageons nos utilisateurs \u00e0 \u00eatre attentifs, lorsqu\u2019ils quittent le site, et \u00e0 lire les chartes de protection des donn\u00e9es personnelles de chacun des autres sites qu\u2019ils visitent.<\/span><\/p>\n<p>\u00a0<span style=\"color: #212f7e; font-family: 'Concert One'; font-size: 22px;\">Commentaires<\/span><\/p>\n<h3><span style=\"font-size: large; color: #0097cd; font-family: Courgette; font-weight: normal;\">Quand vous laissez un commentaire sur notre site web, les donn\u00e9es inscrites dans le formulaire de commentaire, mais aussi votre adresse IP et l\u2019agent utilisateur de votre navigateur sont collect\u00e9s pour nous aider \u00e0 la d\u00e9tection des commentaires ind\u00e9sirables.<\/span><\/h3>\n<p>\u00a0<span style=\"color: #0097cd; font-family: Courgette; font-size: large;\">Une cha\u00eene anonymis\u00e9e cr\u00e9\u00e9e \u00e0 partir de votre adresse de messagerie (\u00e9galement appel\u00e9e hash) peut \u00eatre envoy\u00e9e au service Gravatar pour v\u00e9rifier si vous utilisez ce dernier. Les clauses de confidentialit\u00e9 du service Gravatar sont disponibles ici\u00a0: https:\/\/automattic.com\/privacy\/. Apr\u00e8s validation de votre commentaire, votre photo de profil sera visible publiquement \u00e0 cot\u00e9 de votre commentaire.<\/span><\/p>\n<p>\u00a0<span style=\"color: #212f7e; font-family: 'Concert One'; font-size: 22px;\">M\u00e9dias<\/span><\/p>\n<h3><span style=\"font-size: 14px; color: #666666;\"><span style=\"font-family: Courgette; font-weight: normal; font-size: large; color: #0097cd;\">Si vous \u00eates un utilisateur ou une utilisatrice enregistr\u00e9\u00b7e et que vous t\u00e9l\u00e9versez des images sur le site web, nous vous conseillons d\u2019\u00e9viter de t\u00e9l\u00e9verser des images contenant des donn\u00e9es EXIF de coordonn\u00e9es GPS. Les visiteurs de votre site web peuvent t\u00e9l\u00e9charger et extraire des donn\u00e9es de localisation depuis ces images<\/span>.<\/span><\/h3>\n<p>\u00a0<span style=\"color: #212f7e; font-family: 'Concert One'; font-size: 26px;\">H\u00c9BERGEUR<\/span><\/p>\n<p><span style=\"color: #0097cd; font-family: Courgette; font-size: large;\">OVH, SAS au capital de 10 069 020 euros, immatricul\u00e9e au RCS de Lille sous le num\u00e9ro 424 761 419, sise 2, rue Kellermann \u2013 59100 Roubaix, FRANCE\u00a0 \u2013 www.ovh.com<\/span><\/p>\n<p>\u00a0<span style=\"font-size: 14px;\">\u00a0<\/span><span style=\"color: #212f7e; font-family: 'Concert One'; font-size: x-large;\">Cookies<\/span><\/p>\n<h3><span style=\"color: #0097cd; font-family: Courgette; font-size: large;\">Si vous d\u00e9posez un commentaire sur notre site, il vous sera propos\u00e9 d\u2019enregistrer votre nom, adresse de messagerie et site web dans des cookies. C\u2019est uniquement pour votre confort afin de ne pas avoir \u00e0 saisir ces informations si vous d\u00e9posez un autre commentaire plus tard. Ces cookies expirent au bout d\u2019un an.<\/span><\/h3>\n<p><span style=\"font-family: Courgette; font-weight: normal; font-size: large; color: #0097cd;\">Si vous avez un compte et que vous vous connectez sur ce site, un cookie temporaire sera cr\u00e9\u00e9 afin de d\u00e9terminer si votre navigateur accepte les cookies. Il ne contient pas de donn\u00e9es personnelles et sera supprim\u00e9 automatiquement \u00e0 la fermeture de votre navigateur.<br \/>Lorsque vous vous connecterez, nous mettrons en place un certain nombre de cookies pour enregistrer vos informations de connexion et vos pr\u00e9f\u00e9rences d\u2019\u00e9cran. La dur\u00e9e de vie d\u2019un cookie de connexion est de deux jours, celle d\u2019un cookie d\u2019option d\u2019\u00e9cran est d\u2019un an. Si vous cochez \u00ab\u00a0Se souvenir de moi\u00a0\u00bb, votre cookie de connexion sera conserv\u00e9 pendant deux semaines. Si vous vous d\u00e9connectez de votre compte, le cookie de connexion sera effac\u00e9.<br \/>En modifiant ou en publiant une publication, un cookie suppl\u00e9mentaire sera enregistr\u00e9 dans votre navigateur. Ce cookie ne comprend aucune donn\u00e9e personnelle. Il indique simplement l\u2019ID de la publication que vous venez de modifier. Il expire au bout d\u2019un jour<\/span><\/p>\n<p><span style=\"font-family: 'Concert One'; font-weight: normal; font-size: x-large; color: #212f7e;\">Dur\u00e9es de stockage de vos donn\u00e9es<\/span><\/p>\n<p><span style=\"font-family: Courgette; font-weight: normal; font-size: large; color: #0097cd;\">Si vous laissez un commentaire, le commentaire et ses m\u00e9tadonn\u00e9es sont conserv\u00e9s ind\u00e9finiment. Cela permet de reconna\u00eetre et approuver automatiquement les commentaires suivants au lieu de les laisser dans la file de mod\u00e9ration.<\/span><\/p>\n<h2><span style=\"font-family: 'Concert One'; font-weight: normal; font-size: x-large; color: #212f7e;\">Les droits que vous avez sur vos donn\u00e9es<\/span><\/h2>\n<p><span style=\"font-size: large; font-family: Courgette; font-weight: normal; color: #0097cd;\">Si vous avez un compte ou si vous avez laiss\u00e9 des commentaires sur le site, vous pouvez demander \u00e0 recevoir un fichier contenant toutes les donn\u00e9es personnelles que nous poss\u00e9dons \u00e0 votre sujet, incluant celles que vous nous avez fournies. Vous pouvez \u00e9galement demander la suppression des donn\u00e9es personnelles vous concernant. Cela ne prend pas en compte les donn\u00e9es stock\u00e9es \u00e0 des fins administratives, l\u00e9gales ou pour des raisons de s\u00e9curit\u00e9.<\/span><\/p>\n<p>&nbsp;<\/p>\n<p>&nbsp;<\/p>\n<p><\/p>\n<p>&nbsp;<\/p>\n<p><\/p>\n<p>&nbsp;<\/p>\n<h3 class=\"wp-block-heading\"><\/h3>\n<p>&nbsp;<\/p>\n<p><\/p>\n<p>&nbsp;<\/p>\n<p><\/p>\n<p>&nbsp;<\/p>\n<h3 class=\"wp-block-heading\"><\/h3>\n<p>&nbsp;<\/p>\n<p><\/p>\n<p>&nbsp;<\/p>[\/et_pb_text][\/et_pb_column][\/et_pb_row][\/et_pb_section]","protected":false},"excerpt":{"rendered":"<p>&nbsp; Qui sommes-nous\u00a0? \u00a0Accolade est une association loi 1901 cr\u00e9\u00e9e le 7 juin 2014. Son but est de regrouper toutes personnes physiques ou morales s&rsquo;int\u00e9ressant aux probl\u00e8mes pos\u00e9s par les cancers de l&rsquo;enfant, de l&rsquo;adolescent, du jeune adulte et de leur devenir d&rsquo;adulte.\u00a0 Il s&rsquo;agit de contribuer \u00e0 la prise en charge globale de l&rsquo;enfant, [&hellip;]<\/p>\n","protected":false},"author":1,"featured_media":0,"parent":0,"menu_order":0,"comment_status":"closed","ping_status":"open","template":"","meta":{"_et_pb_use_builder":"on","_et_pb_old_content":"<!-- wp:heading -->\n<h2>Qui sommes-nous&nbsp;?<\/h2>\n<!-- \/wp:heading -->\n\n<!-- wp:paragraph -->\n<p>Accolade est une association loi 1901 cr\u00e9\u00e9e le 7 juin 2014. Son but est de regrouper toutes personnes physiques ou morales s'int\u00e9ressant aux probl\u00e8mes pos\u00e9s par les cancers de l'enfant, de l'adolescent, du jeune adulte et de leur devenir d'adulte. ; \u00e0 ce titre, il s'agit de contribuer \u00e0 la prise en charge globale de l'enfant, du jeune adulte et de la famille au sein du service onco- p\u00e9diatrie du Centre r\u00e9gional Oscar Lambret \u00e0 Lille. <\/p>\n<!-- \/wp:paragraph -->\n\n<!-- wp:paragraph -->\n<p>Si\u00e8ge social : 9, rue Mozart, 59229 T\u00e9teghem. <\/p>\n<!-- \/wp:paragraph -->\n\n<!-- wp:paragraph -->\n<p>L\u2019adresse de notre site Web est\u00a0: http:\/\/www.accolade-asso.fr.<\/p>\n<!-- \/wp:paragraph -->\n\n<!-- wp:heading -->\n<h2>Utilisation des donn\u00e9es personnelles collect\u00e9es<\/h2>\n<!-- \/wp:heading -->\n\n<!-- wp:heading {\"level\":3} -->\n<h3>Commentaires<\/h3>\n<!-- \/wp:heading -->\n\n<!-- wp:paragraph -->\n<p>Quand vous laissez un commentaire sur notre site web, les donn\u00e9es inscrites dans le formulaire de commentaire, mais aussi votre adresse IP et l\u2019agent utilisateur de votre navigateur sont collect\u00e9s pour nous aider \u00e0 la d\u00e9tection des commentaires ind\u00e9sirables.<\/p>\n<!-- \/wp:paragraph -->\n\n<!-- wp:paragraph -->\n<p>Une cha\u00eene anonymis\u00e9e cr\u00e9\u00e9e \u00e0 partir de votre adresse de messagerie (\u00e9galement appel\u00e9e hash) peut \u00eatre envoy\u00e9e au service Gravatar pour v\u00e9rifier si vous utilisez ce dernier. Les clauses de confidentialit\u00e9 du service Gravatar sont disponibles ici&nbsp;: https:\/\/automattic.com\/privacy\/. Apr\u00e8s validation de votre commentaire, votre photo de profil sera visible publiquement \u00e0 cot\u00e9 de votre commentaire.<\/p>\n<!-- \/wp:paragraph -->\n\n<!-- wp:heading {\"level\":3} -->\n<h3>M\u00e9dias<\/h3>\n<!-- \/wp:heading -->\n\n<!-- wp:paragraph -->\n<p>Si vous \u00eates un utilisateur ou une utilisatrice enregistr\u00e9\u00b7e et que vous t\u00e9l\u00e9versez des images sur le site web, nous vous conseillons d\u2019\u00e9viter de t\u00e9l\u00e9verser des images contenant des donn\u00e9es EXIF de coordonn\u00e9es GPS. Les visiteurs de votre site web peuvent t\u00e9l\u00e9charger et extraire des donn\u00e9es de localisation depuis ces images.<\/p>\n<!-- \/wp:paragraph -->\n\n<!-- wp:heading {\"level\":3} -->\n<h3>Formulaires de contact<\/h3>\n<!-- \/wp:heading -->\n\n<!-- wp:heading {\"level\":3} -->\n<h3>Cookies<\/h3>\n<!-- \/wp:heading -->\n\n<!-- wp:paragraph -->\n<p>Si vous d\u00e9posez un commentaire sur notre site, il vous sera propos\u00e9 d\u2019enregistrer votre nom, adresse de messagerie et site web dans des cookies. C\u2019est uniquement pour votre confort afin de ne pas avoir \u00e0 saisir ces informations si vous d\u00e9posez un autre commentaire plus tard. Ces cookies expirent au bout d\u2019un an.<\/p>\n<!-- \/wp:paragraph -->\n\n<!-- wp:paragraph -->\n<p>Si vous avez un compte et que vous vous connectez sur ce site, un cookie temporaire sera cr\u00e9\u00e9 afin de d\u00e9terminer si votre navigateur accepte les cookies. Il ne contient pas de donn\u00e9es personnelles et sera supprim\u00e9 automatiquement \u00e0 la fermeture de votre navigateur.<\/p>\n<!-- \/wp:paragraph -->\n\n<!-- wp:paragraph -->\n<p>Lorsque vous vous connecterez, nous mettrons en place un certain nombre de cookies pour enregistrer vos informations de connexion et vos pr\u00e9f\u00e9rences d\u2019\u00e9cran. La dur\u00e9e de vie d\u2019un cookie de connexion est de deux jours, celle d\u2019un cookie d\u2019option d\u2019\u00e9cran est d\u2019un an. Si vous cochez \u00ab&nbsp;Se souvenir de moi&nbsp;\u00bb, votre cookie de connexion sera conserv\u00e9 pendant deux semaines. Si vous vous d\u00e9connectez de votre compte, le cookie de connexion sera effac\u00e9.<\/p>\n<!-- \/wp:paragraph -->\n\n<!-- wp:paragraph -->\n<p>En modifiant ou en publiant une publication, un cookie suppl\u00e9mentaire sera enregistr\u00e9 dans votre navigateur. Ce cookie ne comprend aucune donn\u00e9e personnelle. Il indique simplement l\u2019ID de la publication que vous venez de modifier. Il expire au bout d\u2019un jour.<\/p>\n<!-- \/wp:paragraph -->\n\n<!-- wp:heading {\"level\":3} -->\n<h3>Contenu embarqu\u00e9 depuis d\u2019autres sites<\/h3>\n<!-- \/wp:heading -->\n\n<!-- wp:paragraph -->\n<p>Les articles de ce site peuvent inclure des contenus int\u00e9gr\u00e9s (par exemple des vid\u00e9os, images, articles\u2026). Le contenu int\u00e9gr\u00e9 depuis d\u2019autres sites se comporte de la m\u00eame mani\u00e8re que si le visiteur se rendait sur cet autre site.<\/p>\n<!-- \/wp:paragraph -->\n\n<!-- wp:paragraph -->\n<p>Ces sites web pourraient collecter des donn\u00e9es sur vous, utiliser des cookies, embarquer des outils de suivis tiers, suivre vos interactions avec ces contenus embarqu\u00e9s si vous disposez d\u2019un compte connect\u00e9 sur leur site web.<\/p>\n<!-- \/wp:paragraph -->\n\n<!-- wp:heading {\"level\":3} -->\n<h3>Statistiques et mesures d\u2019audience<\/h3>\n<!-- \/wp:heading -->\n\n<!-- wp:heading -->\n<h2>Utilisation et transmission de vos donn\u00e9es personnelles<\/h2>\n<!-- \/wp:heading -->\n\n<!-- wp:heading -->\n<h2>Dur\u00e9es de stockage de vos donn\u00e9es<\/h2>\n<!-- \/wp:heading -->\n\n<!-- wp:paragraph -->\n<p>Si vous laissez un commentaire, le commentaire et ses m\u00e9tadonn\u00e9es sont conserv\u00e9s ind\u00e9finiment. Cela permet de reconna\u00eetre et approuver automatiquement les commentaires suivants au lieu de les laisser dans la file de mod\u00e9ration.<\/p>\n<!-- \/wp:paragraph -->\n\n<!-- wp:paragraph -->\n<p>Pour les utilisateurs et utilisatrices qui s\u2019enregistrent sur notre site (si cela est possible), nous stockons \u00e9galement les donn\u00e9es personnelles indiqu\u00e9es dans leur profil. Tous les utilisateurs et utilisatrices peuvent voir, modifier ou supprimer leurs informations personnelles \u00e0 tout moment (\u00e0 l\u2019exception de leur nom d\u2019utilisateur\u00b7ice). Les gestionnaires du site peuvent aussi voir et modifier ces informations.<\/p>\n<!-- \/wp:paragraph -->\n\n<!-- wp:heading -->\n<h2>Les droits que vous avez sur vos donn\u00e9es<\/h2>\n<!-- \/wp:heading -->\n\n<!-- wp:paragraph -->\n<p>Si vous avez un compte ou si vous avez laiss\u00e9 des commentaires sur le site, vous pouvez demander \u00e0 recevoir un fichier contenant toutes les donn\u00e9es personnelles que nous poss\u00e9dons \u00e0 votre sujet, incluant celles que vous nous avez fournies. Vous pouvez \u00e9galement demander la suppression des donn\u00e9es personnelles vous concernant. Cela ne prend pas en compte les donn\u00e9es stock\u00e9es \u00e0 des fins administratives, l\u00e9gales ou pour des raisons de s\u00e9curit\u00e9.<\/p>\n<!-- \/wp:paragraph -->\n\n<!-- wp:heading -->\n<h2>Transmission de vos donn\u00e9es personnelles<\/h2>\n<!-- \/wp:heading -->\n\n<!-- wp:paragraph -->\n<p>Les commentaires des visiteurs peuvent \u00eatre v\u00e9rifi\u00e9s \u00e0 l\u2019aide d\u2019un service automatis\u00e9 de d\u00e9tection des commentaires ind\u00e9sirables.<\/p>\n<!-- \/wp:paragraph -->\n\n<!-- wp:heading -->\n<h2>Informations de contact<\/h2>\n<!-- \/wp:heading -->\n\n<!-- wp:heading -->\n<h2>Informations suppl\u00e9mentaires<\/h2>\n<!-- \/wp:heading -->\n\n<!-- wp:heading {\"level\":3} -->\n<h3>Comment nous prot\u00e9geons vos donn\u00e9es<\/h3>\n<!-- \/wp:heading -->\n\n<!-- wp:heading {\"level\":3} -->\n<h3>Proc\u00e9dures mises en \u0153uvre en cas de fuite de donn\u00e9es<\/h3>\n<!-- \/wp:heading -->\n\n<!-- wp:heading {\"level\":3} -->\n<h3>Les services tiers qui nous transmettent des donn\u00e9es<\/h3>\n<!-- \/wp:heading -->\n\n<!-- wp:heading {\"level\":3} -->\n<h3>Op\u00e9rations de marketing automatis\u00e9 et\/ou de profilage r\u00e9alis\u00e9es \u00e0 l\u2019aide des donn\u00e9es personnelles<\/h3>\n<!-- \/wp:heading -->\n\n<!-- wp:heading {\"level\":3} -->\n<h3>Affichage des informations li\u00e9es aux secteurs soumis \u00e0 des r\u00e9gulations sp\u00e9cifiques<\/h3>\n<!-- \/wp:heading -->","_et_gb_content_width":"","_monsterinsights_skip_tracking":false,"_monsterinsights_sitenote_active":false,"_monsterinsights_sitenote_note":"","_monsterinsights_sitenote_category":0,"footnotes":""},"class_list":["post-3","page","type-page","status-publish","hentry"],"_links":{"self":[{"href":"https:\/\/www.accolade-asso.fr\/index.php\/wp-json\/wp\/v2\/pages\/3","targetHints":{"allow":["GET"]}}],"collection":[{"href":"https:\/\/www.accolade-asso.fr\/index.php\/wp-json\/wp\/v2\/pages"}],"about":[{"href":"https:\/\/www.accolade-asso.fr\/index.php\/wp-json\/wp\/v2\/types\/page"}],"author":[{"embeddable":true,"href":"https:\/\/www.accolade-asso.fr\/index.php\/wp-json\/wp\/v2\/users\/1"}],"replies":[{"embeddable":true,"href":"https:\/\/www.accolade-asso.fr\/index.php\/wp-json\/wp\/v2\/comments?post=3"}],"version-history":[{"count":4,"href":"https:\/\/www.accolade-asso.fr\/index.php\/wp-json\/wp\/v2\/pages\/3\/revisions"}],"predecessor-version":[{"id":822,"href":"https:\/\/www.accolade-asso.fr\/index.php\/wp-json\/wp\/v2\/pages\/3\/revisions\/822"}],"wp:attachment":[{"href":"https:\/\/www.accolade-asso.fr\/index.php\/wp-json\/wp\/v2\/media?parent=3"}],"curies":[{"name":"wp","href":"https:\/\/api.w.org\/{rel}","templated":true}]}}